{"id":26,"date":"2023-01-02T10:00:09","date_gmt":"2023-01-02T09:00:09","guid":{"rendered":"https:\/\/bigwhoop.fr\/?page_id=26"},"modified":"2023-02-07T11:15:42","modified_gmt":"2023-02-07T10:15:42","slug":"notre-intervention","status":"publish","type":"page","link":"https:\/\/bigwhoop.fr\/en\/notre-intervention\/","title":{"rendered":"Our intervention"},"content":{"rendered":"","protected":false},"excerpt":{"rendered":"","protected":false},"author":1,"featured_media":159,"parent":0,"menu_order":0,"comment_status":"closed","ping_status":"closed","template":"","meta":{"footnotes":""},"class_list":["post-26","page","type-page","status-publish","has-post-thumbnail","hentry"],"yoast_head":"<!-- This site is optimized with the Yoast SEO plugin v27.3 - https:\/\/yoast.com\/product\/yoast-seo-wordpress\/ -->\n<title>Agence sp\u00e9cialis\u00e9e jeu vid\u00e9o - BigWhoop<\/title>\n<meta name=\"description\" content=\"BigWhoop, une agence sp\u00e9cialis\u00e9e dans la r\u00e9solution des probl\u00e8mes de r\u00e9daction, de finance, de marketing et de communication pour les soci\u00e9t\u00e9s de d\u00e9veloppement de jeu vid\u00e9o.\" \/>\n<meta name=\"robots\" content=\"index, follow, max-snippet:-1, max-image-preview:large, max-video-preview:-1\" \/>\n<link rel=\"canonical\" href=\"https:\/\/bigwhoop.fr\/en\/notre-intervention\/\" \/>\n<meta property=\"og:locale\" content=\"en_GB\" \/>\n<meta property=\"og:type\" content=\"article\" \/>\n<meta property=\"og:title\" content=\"Agence sp\u00e9cialis\u00e9e jeu vid\u00e9o - BigWhoop\" \/>\n<meta property=\"og:description\" content=\"BigWhoop, une agence sp\u00e9cialis\u00e9e dans la r\u00e9solution des probl\u00e8mes de r\u00e9daction, de finance, de marketing et de communication pour les soci\u00e9t\u00e9s de d\u00e9veloppement de jeu vid\u00e9o.\" \/>\n<meta property=\"og:url\" content=\"https:\/\/bigwhoop.fr\/en\/notre-intervention\/\" \/>\n<meta property=\"og:site_name\" content=\"BigWhoop\" \/>\n<meta property=\"article:modified_time\" content=\"2023-02-07T10:15:42+00:00\" \/>\n<meta property=\"og:image\" content=\"https:\/\/bigwhoop.fr\/wp-content\/uploads\/2023\/01\/Background-intervention.png\" \/>\n\t<meta property=\"og:image:width\" content=\"1480\" \/>\n\t<meta property=\"og:image:height\" content=\"820\" \/>\n\t<meta property=\"og:image:type\" content=\"image\/png\" \/>\n<meta name=\"twitter:card\" content=\"summary_large_image\" \/>\n<script type=\"application\/ld+json\" class=\"yoast-schema-graph\">{\"@context\":\"https:\\\/\\\/schema.org\",\"@graph\":[{\"@type\":\"WebPage\",\"@id\":\"https:\\\/\\\/bigwhoop.fr\\\/notre-intervention\\\/\",\"url\":\"https:\\\/\\\/bigwhoop.fr\\\/notre-intervention\\\/\",\"name\":\"Agence sp\u00e9cialis\u00e9e jeu vid\u00e9o - BigWhoop\",\"isPartOf\":{\"@id\":\"https:\\\/\\\/bigwhoop.fr\\\/#website\"},\"primaryImageOfPage\":{\"@id\":\"https:\\\/\\\/bigwhoop.fr\\\/notre-intervention\\\/#primaryimage\"},\"image\":{\"@id\":\"https:\\\/\\\/bigwhoop.fr\\\/notre-intervention\\\/#primaryimage\"},\"thumbnailUrl\":\"https:\\\/\\\/bigwhoop.fr\\\/wp-content\\\/uploads\\\/2023\\\/01\\\/Background-intervention.png\",\"datePublished\":\"2023-01-02T09:00:09+00:00\",\"dateModified\":\"2023-02-07T10:15:42+00:00\",\"description\":\"BigWhoop, une agence sp\u00e9cialis\u00e9e dans la r\u00e9solution des probl\u00e8mes de r\u00e9daction, de finance, de marketing et de communication pour les soci\u00e9t\u00e9s de d\u00e9veloppement de jeu vid\u00e9o.\",\"breadcrumb\":{\"@id\":\"https:\\\/\\\/bigwhoop.fr\\\/notre-intervention\\\/#breadcrumb\"},\"inLanguage\":\"en-GB\",\"potentialAction\":[{\"@type\":\"ReadAction\",\"target\":[\"https:\\\/\\\/bigwhoop.fr\\\/notre-intervention\\\/\"]}]},{\"@type\":\"ImageObject\",\"inLanguage\":\"en-GB\",\"@id\":\"https:\\\/\\\/bigwhoop.fr\\\/notre-intervention\\\/#primaryimage\",\"url\":\"https:\\\/\\\/bigwhoop.fr\\\/wp-content\\\/uploads\\\/2023\\\/01\\\/Background-intervention.png\",\"contentUrl\":\"https:\\\/\\\/bigwhoop.fr\\\/wp-content\\\/uploads\\\/2023\\\/01\\\/Background-intervention.png\",\"width\":1480,\"height\":820,\"caption\":\"Agence sp\u00e9cialis\u00e9e jeu vid\u00e9o\"},{\"@type\":\"BreadcrumbList\",\"@id\":\"https:\\\/\\\/bigwhoop.fr\\\/notre-intervention\\\/#breadcrumb\",\"itemListElement\":[{\"@type\":\"ListItem\",\"position\":1,\"name\":\"Accueil\",\"item\":\"https:\\\/\\\/bigwhoop.fr\\\/\"},{\"@type\":\"ListItem\",\"position\":2,\"name\":\"Notre Intervention\"}]},{\"@type\":\"WebSite\",\"@id\":\"https:\\\/\\\/bigwhoop.fr\\\/#website\",\"url\":\"https:\\\/\\\/bigwhoop.fr\\\/\",\"name\":\"BigWhoop\",\"description\":\"Agence financement jeu vid\u00e9o - BigWhoop\",\"publisher\":{\"@id\":\"https:\\\/\\\/bigwhoop.fr\\\/#organization\"},\"potentialAction\":[{\"@type\":\"SearchAction\",\"target\":{\"@type\":\"EntryPoint\",\"urlTemplate\":\"https:\\\/\\\/bigwhoop.fr\\\/?s={search_term_string}\"},\"query-input\":{\"@type\":\"PropertyValueSpecification\",\"valueRequired\":true,\"valueName\":\"search_term_string\"}}],\"inLanguage\":\"en-GB\"},{\"@type\":\"Organization\",\"@id\":\"https:\\\/\\\/bigwhoop.fr\\\/#organization\",\"name\":\"BigWhoop\",\"url\":\"https:\\\/\\\/bigwhoop.fr\\\/\",\"logo\":{\"@type\":\"ImageObject\",\"inLanguage\":\"en-GB\",\"@id\":\"https:\\\/\\\/bigwhoop.fr\\\/#\\\/schema\\\/logo\\\/image\\\/\",\"url\":\"https:\\\/\\\/bigwhoop.fr\\\/wp-content\\\/uploads\\\/2023\\\/01\\\/logo-bigwhoop.png\",\"contentUrl\":\"https:\\\/\\\/bigwhoop.fr\\\/wp-content\\\/uploads\\\/2023\\\/01\\\/logo-bigwhoop.png\",\"width\":1600,\"height\":1274,\"caption\":\"BigWhoop\"},\"image\":{\"@id\":\"https:\\\/\\\/bigwhoop.fr\\\/#\\\/schema\\\/logo\\\/image\\\/\"},\"sameAs\":[\"https:\\\/\\\/fr.linkedin.com\\\/company\\\/bigwhoop\"]}]}<\/script>\n<!-- \/ Yoast SEO plugin. -->","yoast_head_json":{"title":"Agence sp\u00e9cialis\u00e9e jeu vid\u00e9o - BigWhoop","description":"BigWhoop, an agency specialising in solving writing, financial, marketing and communication problems for video game development companies.","robots":{"index":"index","follow":"follow","max-snippet":"max-snippet:-1","max-image-preview":"max-image-preview:large","max-video-preview":"max-video-preview:-1"},"canonical":"https:\/\/bigwhoop.fr\/en\/notre-intervention\/","og_locale":"en_GB","og_type":"article","og_title":"Agence sp\u00e9cialis\u00e9e jeu vid\u00e9o - BigWhoop","og_description":"BigWhoop, une agence sp\u00e9cialis\u00e9e dans la r\u00e9solution des probl\u00e8mes de r\u00e9daction, de finance, de marketing et de communication pour les soci\u00e9t\u00e9s de d\u00e9veloppement de jeu vid\u00e9o.","og_url":"https:\/\/bigwhoop.fr\/en\/notre-intervention\/","og_site_name":"BigWhoop","article_modified_time":"2023-02-07T10:15:42+00:00","og_image":[{"width":1480,"height":820,"url":"https:\/\/bigwhoop.fr\/wp-content\/uploads\/2023\/01\/Background-intervention.png","type":"image\/png"}],"twitter_card":"summary_large_image","schema":{"@context":"https:\/\/schema.org","@graph":[{"@type":"WebPage","@id":"https:\/\/bigwhoop.fr\/notre-intervention\/","url":"https:\/\/bigwhoop.fr\/notre-intervention\/","name":"Agence sp\u00e9cialis\u00e9e jeu vid\u00e9o - BigWhoop","isPartOf":{"@id":"https:\/\/bigwhoop.fr\/#website"},"primaryImageOfPage":{"@id":"https:\/\/bigwhoop.fr\/notre-intervention\/#primaryimage"},"image":{"@id":"https:\/\/bigwhoop.fr\/notre-intervention\/#primaryimage"},"thumbnailUrl":"https:\/\/bigwhoop.fr\/wp-content\/uploads\/2023\/01\/Background-intervention.png","datePublished":"2023-01-02T09:00:09+00:00","dateModified":"2023-02-07T10:15:42+00:00","description":"BigWhoop, an agency specialising in solving writing, financial, marketing and communication problems for video game development companies.","breadcrumb":{"@id":"https:\/\/bigwhoop.fr\/notre-intervention\/#breadcrumb"},"inLanguage":"en-GB","potentialAction":[{"@type":"ReadAction","target":["https:\/\/bigwhoop.fr\/notre-intervention\/"]}]},{"@type":"ImageObject","inLanguage":"en-GB","@id":"https:\/\/bigwhoop.fr\/notre-intervention\/#primaryimage","url":"https:\/\/bigwhoop.fr\/wp-content\/uploads\/2023\/01\/Background-intervention.png","contentUrl":"https:\/\/bigwhoop.fr\/wp-content\/uploads\/2023\/01\/Background-intervention.png","width":1480,"height":820,"caption":"Agence sp\u00e9cialis\u00e9e jeu vid\u00e9o"},{"@type":"BreadcrumbList","@id":"https:\/\/bigwhoop.fr\/notre-intervention\/#breadcrumb","itemListElement":[{"@type":"ListItem","position":1,"name":"Accueil","item":"https:\/\/bigwhoop.fr\/"},{"@type":"ListItem","position":2,"name":"Notre Intervention"}]},{"@type":"WebSite","@id":"https:\/\/bigwhoop.fr\/#website","url":"https:\/\/bigwhoop.fr\/","name":"BigWhoop","description":"Agence financement jeu vid\u00e9o - BigWhoop","publisher":{"@id":"https:\/\/bigwhoop.fr\/#organization"},"potentialAction":[{"@type":"SearchAction","target":{"@type":"EntryPoint","urlTemplate":"https:\/\/bigwhoop.fr\/?s={search_term_string}"},"query-input":{"@type":"PropertyValueSpecification","valueRequired":true,"valueName":"search_term_string"}}],"inLanguage":"en-GB"},{"@type":"Organization","@id":"https:\/\/bigwhoop.fr\/#organization","name":"BigWhoop","url":"https:\/\/bigwhoop.fr\/","logo":{"@type":"ImageObject","inLanguage":"en-GB","@id":"https:\/\/bigwhoop.fr\/#\/schema\/logo\/image\/","url":"https:\/\/bigwhoop.fr\/wp-content\/uploads\/2023\/01\/logo-bigwhoop.png","contentUrl":"https:\/\/bigwhoop.fr\/wp-content\/uploads\/2023\/01\/logo-bigwhoop.png","width":1600,"height":1274,"caption":"BigWhoop"},"image":{"@id":"https:\/\/bigwhoop.fr\/#\/schema\/logo\/image\/"},"sameAs":["https:\/\/fr.linkedin.com\/company\/bigwhoop"]}]}},"_links":{"self":[{"href":"https:\/\/bigwhoop.fr\/en\/wp-json\/wp\/v2\/pages\/26","targetHints":{"allow":["GET"]}}],"collection":[{"href":"https:\/\/bigwhoop.fr\/en\/wp-json\/wp\/v2\/pages"}],"about":[{"href":"https:\/\/bigwhoop.fr\/en\/wp-json\/wp\/v2\/types\/page"}],"author":[{"embeddable":true,"href":"https:\/\/bigwhoop.fr\/en\/wp-json\/wp\/v2\/users\/1"}],"replies":[{"embeddable":true,"href":"https:\/\/bigwhoop.fr\/en\/wp-json\/wp\/v2\/comments?post=26"}],"version-history":[{"count":1,"href":"https:\/\/bigwhoop.fr\/en\/wp-json\/wp\/v2\/pages\/26\/revisions"}],"predecessor-version":[{"id":410,"href":"https:\/\/bigwhoop.fr\/en\/wp-json\/wp\/v2\/pages\/26\/revisions\/410"}],"wp:featuredmedia":[{"embeddable":true,"href":"https:\/\/bigwhoop.fr\/en\/wp-json\/wp\/v2\/media\/159"}],"wp:attachment":[{"href":"https:\/\/bigwhoop.fr\/en\/wp-json\/wp\/v2\/media?parent=26"}],"curies":[{"name":"wp","href":"https:\/\/api.w.org\/{rel}","templated":true}]}}