{"id":3,"date":"2023-01-01T09:40:00","date_gmt":"2023-01-01T08:40:00","guid":{"rendered":"https:\/\/bigwhoop.fr\/?page_id=3"},"modified":"2023-04-18T13:36:49","modified_gmt":"2023-04-18T11:36:49","slug":"politique-de-confidentialite","status":"publish","type":"page","link":"https:\/\/bigwhoop.fr\/en\/politique-de-confidentialite\/","title":{"rendered":"Privacy Policy"},"content":{"rendered":"<p style=\"text-align: justify;\"><strong>Who are we?<\/strong><\/p>\r\n<p style=\"text-align: justify;\"><span style=\"font-weight: 400;\">BigWhoop, an agency specialising in solving writing, accounting analysis, marketing and communication problems for video game development companies.<\/span><\/p>\r\n<p style=\"text-align: justify;\"><span style=\"font-weight: 400;\">Our website address is: https:\/\/bigwhoop.fr<\/span><\/p>\r\n<p style=\"text-align: justify;\"><strong>Glossary of technical terms<\/strong><\/p>\r\n<p style=\"text-align: justify;\"><strong>What are cookies?<\/strong><\/p>\r\n<p style=\"text-align: justify;\"><span style=\"font-weight: 400;\">Cookies are small text files that are used to store small pieces of information. They are stored on your device when the website is loaded on your browser. These cookies help us to make the website work properly, to make it more secure, to provide a better user experience and to understand how the website works and to analyse what works and what needs to be improved.<\/span><\/p>\r\n<p style=\"text-align: justify;\"><strong>Who is the data controller?<\/strong><\/p>\r\n<p style=\"text-align: justify;\"><span style=\"font-weight: 400;\">The controller is the legal person (company, municipality, etc.) or individual who determines the purposes and means of a processing operation, i.e. the objective and the way it is carried out. In practice and in general, it is the legal person embodied by its legal representative.<\/span><\/p>\r\n<p style=\"text-align: justify;\"><span style=\"font-weight: 400;\">For BIGWHOOP: Dr. Aur\u00e9lien MAHIEU, Owner &amp; CEO<\/span><\/p>\r\n<p style=\"text-align: justify;\"><span style=\"font-weight: 400;\">Contact: a.mahieu@bigwhoop.fr\u00a0<\/span><\/p>\r\n<p style=\"text-align: justify;\"><strong>What are the personal data?<\/strong><\/p>\r\n<p style=\"text-align: justify;\"><span style=\"font-weight: 400;\">Personal data is any information relating to an identified or identifiable natural person. But because it concerns individuals, they must retain control of it.<\/span><\/p>\r\n<p style=\"text-align: justify;\"><span style=\"font-weight: 400;\">A natural person can be identified:<\/span><\/p>\r\n<p style=\"text-align: justify;\"><span style=\"font-weight: 400;\"><strong>directly<\/strong> (example: first and last name) ;<\/span><\/p>\r\n<p style=\"text-align: justify;\"><span style=\"font-weight: 400;\"><strong>indirectly<\/strong> (e.g. by a telephone or license plate number, an identifier such as a social security number, a postal or e-mail address, but also by voice or image).<\/span><\/p>\r\n<p style=\"text-align: justify;\"><span style=\"font-weight: 400;\">The identification of a natural person can be done :<\/span><\/p>\r\n<p style=\"text-align: justify;\"><span style=\"font-weight: 400;\"><strong>from a single piece of data<\/strong> (example: name) ;<\/span><\/p>\r\n<p style=\"text-align: justify;\"><span style=\"font-weight: 400;\"><strong>from the cross-referencing of a set of data<\/strong> (example: a woman living at such and such an address, born on such and such a day and a member of such and such an association).<\/span><\/p>\r\n<p style=\"text-align: justify;\"><strong>What types of cookies do we use?<\/strong><\/p>\r\n<p style=\"text-align: justify;\"><span style=\"font-weight: 400;\"><strong>Essentials :<\/strong> Some cookies are essential for you to benefit from all the features of our site. They allow us to maintain user sessions and prevent security threats. They do not collect or store any personal information. For example, these cookies allow you to log in to your account and add products to your shopping cart, and to check out safely.<\/span><\/p>\r\n<p style=\"text-align: justify;\"><span style=\"font-weight: 400;\"><strong>Statistics<\/strong> : These cookies store information such as the number of visitors to the website, the number of unique visitors, the pages of the website that have been visited, the source of the visit, etc. This data helps us to understand and analyse the performance of the website and where we can improve. This data helps us to understand and analyse the performance of the website and where we can improve.<\/span><\/p>\r\n<p style=\"text-align: justify;\"><span style=\"font-weight: 400;\"><strong>Marketing :<\/strong> Our website displays advertisements. These cookies are used to personalise the ads we show you so that they are meaningful to you. These cookies also help us to track the effectiveness of these advertising campaigns.<\/span><\/p>\r\n<p style=\"text-align: justify;\"><span style=\"font-weight: 400;\">The information stored in these cookies may also be used by third party advertising providers to show you ads on other websites on the browser as well.<\/span><\/p>\r\n<p style=\"text-align: justify;\"><span style=\"font-weight: 400;\"><strong>Functional :<\/strong> These are the cookies that help certain non-essential features on our website. These features include embedding content such as videos or sharing website content on social media platforms.<\/span><\/p>\r\n<p style=\"text-align: justify;\"><span style=\"font-weight: 400;\"><strong>Preferences :<\/strong> These cookies help us to store your browser settings and preferences, such as language preferences, in order to provide you with a better and more efficient experience on future visits to the website.<\/span><\/p>\r\n<p style=\"text-align: justify;\"><span style=\"font-weight: 400;\">The list below details the cookies used on our website.<\/span><\/p>\r\n<p style=\"text-align: justify;\"><strong>COOKIE DESCRIPTION<\/strong><\/p>\r\n<p style=\"text-align: justify;\"><strong>cookielawinfo-checkbox-analytics<\/strong> &#8211; <span style=\"font-weight: 400;\">This cookie is set by the GDPR cookie consent plugin. The cookie is used to store the user's consent for cookies in the \"Analytics\" category.<\/span><\/p>\r\n<p style=\"text-align: justify;\"><strong>cookielawinfo-checkbox-functional<\/strong> &#8211; <span style=\"font-weight: 400;\">The cookie is set by the GDPR cookie consent to record the user's consent for cookies in the \"Functional\" category.<\/span><\/p>\r\n<p style=\"text-align: justify;\"><span style=\"font-weight: 400;\">c<strong>ookielawinfo-checkbox-necessary<\/strong><\/span> &#8211; <span style=\"font-weight: 400;\">This cookie is set by the GDPR cookie consent plugin. It is used to store the user's consent for cookies in the \"Necessary\" category.<\/span><\/p>\r\n<p style=\"text-align: justify;\"><strong>cookielawinfo-checkbox-others<\/strong> &#8211; <span style=\"font-weight: 400;\">This cookie is set by the GDPR cookie consent plugin. This cookie is used to store the user's consent for cookies in the \"Other\" category.<\/span><\/p>\r\n<p style=\"text-align: justify;\"><strong>cookielawinfo-checkbox-performance<\/strong> &#8211; <span style=\"font-weight: 400;\">This cookie is set by the GDPR cookie consent plugin. This cookie is used to store the user's consent for cookies in the \"Performance\" category.<\/span><\/p>\r\n<p style=\"text-align: justify;\"><strong>viewed_cookie_policy<\/strong> &#8211; <span style=\"font-weight: 400;\">This cookie is set by the GDPR Cookie Consent plugin and is used to store whether or not the user has consented to the use of cookies. It does not store any personal data.<\/span><\/p>\r\n<p style=\"text-align: justify;\"><strong>Cookies policy<\/strong><\/p>\r\n<p style=\"text-align: justify;\"><strong>About this cookies policy<\/strong><\/p>\r\n<p style=\"text-align: justify;\"><span style=\"font-weight: 400;\">This cookie policy explains what cookies are and how we use them, the types of cookies we use, i.e. the information we collect using cookies and how that information is used, and how to control cookie preferences. For more information on how we use, store and secure your personal data, see our privacy policy.<\/span><\/p>\r\n<p style=\"text-align: justify;\"><span style=\"font-weight: 400;\">You can change or withdraw your consent at any time via the cookie statement on our website.<\/span><\/p>\r\n<p style=\"text-align: justify;\"><span style=\"font-weight: 400;\">\u00a0Your consent applies to the following domains: bigwhoop.fr<\/span><\/p>\r\n<p style=\"text-align: justify;\"><strong>How can I control cookie preferences?<\/strong><\/p>\r\n<p style=\"text-align: justify;\"><span style=\"font-weight: 400;\">If you decide to change your preferences during your browsing session, you can click on the \"Cookie Settings\" tab in the footer menu. The consent notice will reappear, allowing you to change your preferences or withdraw your consent entirely.<\/span><\/p>\r\n<p style=\"text-align: justify;\"><span style=\"font-weight: 400;\">In addition, different browsers offer different methods for blocking and deleting cookies used by websites. You can change your browser settings to block\/delete cookies. For more information on how to manage and delete cookies, see wikipedia.org, www.allaboutcookies.org.<\/span><\/p>\r\n<p style=\"text-align: justify;\"><strong>Use and transmission of your personal data<\/strong><\/p>\r\n<p style=\"text-align: justify;\"><strong>How do we use cookies?<\/strong><\/p>\r\n<p style=\"text-align: justify;\"><span style=\"font-weight: 400;\">Like most online services, our website uses first-party and third-party cookies for several purposes. First-party cookies are primarily necessary for the website to function properly and do not collect any personally identifiable information from you.<\/span><\/p>\r\n<p style=\"text-align: justify;\"><span style=\"font-weight: 400;\">The third party cookies used on our website are primarily used to understand how the website works, how you interact with our website, to ensure the security of our services, to provide advertisements that are relevant to you and, overall, to provide you with a better and improved user experience and to speed up your future interactions with our website.<\/span><\/p>\r\n<p style=\"text-align: justify;\"><strong>Other possible uses:<\/strong><\/p>\r\n<p style=\"text-align: justify;\"><span style=\"font-weight: 400;\">\u00a0If you leave a comment on our site, you will be asked to save your name, email address and website in cookies. This is only for your convenience so that you do not have to enter this information if you leave another comment later. These cookies expire after one year.<\/span><\/p>\r\n<p style=\"text-align: justify;\"><span style=\"font-weight: 400;\">\u00a0If you go to the login page, a temporary cookie will be created to determine whether your browser accepts cookies. It does not contain any personal data and will be deleted automatically when you close your browser.<\/span><\/p>\r\n<p style=\"text-align: justify;\"><strong>Purposes of data collection<\/strong><\/p>\r\n<p style=\"text-align: justify;\"><span style=\"font-weight: 400;\">The data is collected for specific and legitimate purposes, namely to enable the management of potential customers and the recording of requests for BigWhoop services. The data will not be further processed in a way that is incompatible with these initial purposes.<\/span><\/p>\r\n<p style=\"text-align: justify;\"><strong>\u00a0Data processed<\/strong><\/p>\r\n<p style=\"text-align: justify;\"><span style=\"font-weight: 400;\">Categories of data processed :<\/span><\/p>\r\n<p style=\"text-align: justify;\"><span style=\"font-weight: 400;\">- Name<\/span><\/p>\r\n<p style=\"text-align: justify;\"><span style=\"font-weight: 400;\">- Company name<\/span><\/p>\r\n<p style=\"text-align: justify;\"><span style=\"font-weight: 400;\">- E-mail<\/span><\/p>\r\n<p style=\"text-align: justify;\"><span style=\"font-weight: 400;\">- Telephone number<\/span><\/p>\r\n<p style=\"text-align: justify;\"><strong>Comments<\/strong><\/p>\r\n<p style=\"text-align: justify;\"><span style=\"font-weight: 400;\">When you leave a comment on our website, the data entered in the comment form, but also your IP address and your browser's user agent are collected to help us detect unwanted comments.<\/span><\/p>\r\n<p style=\"text-align: justify;\"><span style=\"font-weight: 400;\">An anonymised string created from your email address (also known as a hash) can be sent to the Gravatar service to check whether you are using the service. The privacy policy of the Gravatar service is available here: https:\/\/automattic.com\/privacy\/. After your comment has been validated, your profile picture will be publicly visible next to your comment.<\/span><\/p>\r\n<p style=\"text-align: justify;\"><strong>Contact forms\u00a0<\/strong><\/p>\r\n<p style=\"text-align: justify;\"><span style=\"font-weight: 400;\">When you log in, we will set a number of cookies to store your login information and screen preferences. The lifetime of a login cookie is two days, and the lifetime of a screen preference cookie is one year. If you check \"Remember me\", your login cookie will be retained for a fortnight. If you log out of your account, the login cookie will be deleted.<\/span><\/p>\r\n<p style=\"text-align: justify;\"><span style=\"font-weight: 400;\">By editing or publishing a publication, an additional cookie will be stored in your browser. This cookie does not contain any personal data. It simply indicates the ID of the publication you just edited. It expires after one day.<\/span><\/p>\r\n<p style=\"text-align: justify;\"><strong>Media<\/strong><\/p>\r\n<p style=\"text-align: justify;\"><span style=\"font-weight: 400;\">If you are a registered user and you upload images to the website, we advise you to avoid uploading images containing EXIF data of GPS coordinates. Visitors to your website can download and extract location data from these images.<\/span><\/p>\r\n<p style=\"text-align: justify;\"><strong>Embedded content from other sites<\/strong><\/p>\r\n<p style=\"text-align: justify;\"><span style=\"font-weight: 400;\">Articles on this site may include embedded content (e.g. videos, images, articles...). Embedded content from other sites behaves in the same way as if the visitor were on that other site.\u00a0<\/span><\/p>\r\n<p style=\"text-align: justify;\"><span style=\"font-weight: 400;\">These websites may collect data about you, use cookies, embed third-party tracking tools, track your interactions with these embedded contents if you have a logged-in account on their website.<\/span><\/p>\r\n<p style=\"text-align: justify;\"><strong>Purpose of the data processing by the founder of BigWhoop<\/strong><\/p>\r\n<p style=\"text-align: justify;\"><span style=\"font-weight: 400;\">The personal data collected is processed according to secure protocols and is used to manage the requests received through the site's contact form. The interest of Internet users who have filled in the form, for the services offered by BigWhoop, confers the right to process their data in accordance with the purposes determined above.<\/span><\/p>\r\n<p style=\"text-align: justify;\"><strong>Recipient of the personal data processed<\/strong><\/p>\r\n<p style=\"text-align: justify;\"><span style=\"font-weight: 400;\">The founder of BigWhoop is the sole recipient of requests made through the contact form.<\/span><\/p>\r\n<p style=\"text-align: justify;\"><strong>Transmission of your personal data<\/strong><\/p>\r\n<p style=\"text-align: justify;\"><span style=\"font-weight: 400;\">Visitors' comments can be checked using an automated spam detection service.<\/span><\/p>\r\n<p style=\"text-align: justify;\"><strong>\u00a0Data transfers outside the European Union<\/strong><\/p>\r\n<p style=\"text-align: justify;\"><span style=\"font-weight: 400;\">No data is transferred outside the European Union.\u00a0<\/span><\/p>\r\n<p style=\"text-align: justify;\"><strong>How long your data is stored<\/strong><\/p>\r\n<p style=\"text-align: justify;\"><span style=\"font-weight: 400;\">We keep your personal data for a period of time that complies with the applicable legal and regulatory provisions and, failing that, for a period of time that is strictly necessary and proportionate for the purposes for which your data was collected. The criteria we apply in defining these periods are set out in the table below.<\/span><\/p>\r\n<p style=\"text-align: justify;\"><span style=\"font-weight: 400;\">The time necessary to achieve our stated purposes is a period which shall not exceed 11 months from their first submission when the contact form is completed.<\/span><\/p>\r\n<p style=\"text-align: justify;\"><span style=\"font-weight: 400;\">If you leave a comment, the comment and its metadata are retained indefinitely. This allows subsequent comments to be automatically recognised and approved rather than left in the moderation queue.<\/span><\/p>\r\n<p style=\"text-align: justify;\"><span style=\"font-weight: 400;\">For users who register on our site (where possible), we also store the personal data indicated in their profile. All users can view, edit or delete their personal information at any time (with the exception of their username). Site managers can also view and modify this information.<\/span><\/p>\r\n<p style=\"text-align: justify;\"><strong>The rights you have over your data<\/strong><\/p>\r\n<p style=\"text-align: justify;\"><span style=\"font-weight: 400;\">You may access and obtain a copy of your data, object to the processing of such data, have them corrected or deleted. You also have the right to limit the processing of your data.<\/span><\/p>\r\n<p style=\"text-align: justify;\"><span style=\"font-weight: 400;\">If you have an account or have left comments on the site, you can request to receive a file containing all the personal data we hold about you, including that which you have provided to us. You may also request the deletion of your personal data. This does not include data stored for administrative, legal or security purposes.<\/span><\/p>\r\n<p style=\"text-align: justify;\"><strong>Exercising your rights<\/strong><\/p>\r\n<p style=\"text-align: justify;\"><span style=\"font-weight: 400;\">You can exercise these rights by contacting us by e-mail:<\/span><\/p>\r\n<p style=\"text-align: justify;\"><span style=\"font-weight: 400;\">E-mail address: a.mahieu@bigwhoop.fr<\/span><\/p>\r\n<p style=\"text-align: justify;\"><strong>Right to lodge a complaint with the CNIL<\/strong><\/p>\r\n<p style=\"text-align: justify;\"><span style=\"font-weight: 400;\">You have the right to lodge a complaint with the CNIL (www.cnil.fr\/fr\/plaintes) concerning the use made of your personal data by the data controller.<\/span><\/p>","protected":false},"excerpt":{"rendered":"<p>Qui sommes-nous ? BigWhoop, une agence sp\u00e9cialis\u00e9e dans la r\u00e9solution des probl\u00e8mes de r\u00e9daction, d\u2019analyse comptable, de marketing et de communication pour les soci\u00e9t\u00e9s de d\u00e9veloppement de jeu vid\u00e9o. L\u2019adresse de notre site Web est : https:\/\/bigwhoop.fr Glossaire des termes techniques Que sont les cookies ? Les cookies sont de petits fichiers texte qui sont [&hellip;]<\/p>\n","protected":false},"author":1,"featured_media":0,"parent":0,"menu_order":0,"comment_status":"closed","ping_status":"open","template":"","meta":{"footnotes":""},"class_list":["post-3","page","type-page","status-publish","hentry"],"yoast_head":"<!-- This site is optimized with the Yoast SEO plugin v27.3 - https:\/\/yoast.com\/product\/yoast-seo-wordpress\/ -->\n<title>Politique de confidentialit\u00e9 - BigWhoop<\/title>\n<meta name=\"description\" content=\"Politique de confidentialit\u00e9\" \/>\n<meta name=\"robots\" content=\"index, follow, max-snippet:-1, max-image-preview:large, max-video-preview:-1\" \/>\n<link rel=\"canonical\" href=\"https:\/\/bigwhoop.fr\/en\/politique-de-confidentialite\/\" \/>\n<meta property=\"og:locale\" content=\"en_GB\" \/>\n<meta property=\"og:type\" content=\"article\" \/>\n<meta property=\"og:title\" content=\"Politique de confidentialit\u00e9 - BigWhoop\" \/>\n<meta property=\"og:description\" content=\"Politique de confidentialit\u00e9\" \/>\n<meta property=\"og:url\" content=\"https:\/\/bigwhoop.fr\/en\/politique-de-confidentialite\/\" \/>\n<meta property=\"og:site_name\" content=\"BigWhoop\" \/>\n<meta property=\"article:modified_time\" content=\"2023-04-18T11:36:49+00:00\" \/>\n<meta name=\"twitter:card\" content=\"summary_large_image\" \/>\n<meta name=\"twitter:label1\" content=\"Estimated reading time\" \/>\n\t<meta name=\"twitter:data1\" content=\"11 minutes\" \/>\n<script type=\"application\/ld+json\" class=\"yoast-schema-graph\">{\"@context\":\"https:\\\/\\\/schema.org\",\"@graph\":[{\"@type\":\"WebPage\",\"@id\":\"https:\\\/\\\/bigwhoop.fr\\\/politique-de-confidentialite\\\/\",\"url\":\"https:\\\/\\\/bigwhoop.fr\\\/politique-de-confidentialite\\\/\",\"name\":\"Politique de confidentialit\u00e9 - BigWhoop\",\"isPartOf\":{\"@id\":\"https:\\\/\\\/bigwhoop.fr\\\/#website\"},\"datePublished\":\"2023-01-01T08:40:00+00:00\",\"dateModified\":\"2023-04-18T11:36:49+00:00\",\"description\":\"Politique de confidentialit\u00e9\",\"breadcrumb\":{\"@id\":\"https:\\\/\\\/bigwhoop.fr\\\/politique-de-confidentialite\\\/#breadcrumb\"},\"inLanguage\":\"en-GB\",\"potentialAction\":[{\"@type\":\"ReadAction\",\"target\":[\"https:\\\/\\\/bigwhoop.fr\\\/politique-de-confidentialite\\\/\"]}]},{\"@type\":\"BreadcrumbList\",\"@id\":\"https:\\\/\\\/bigwhoop.fr\\\/politique-de-confidentialite\\\/#breadcrumb\",\"itemListElement\":[{\"@type\":\"ListItem\",\"position\":1,\"name\":\"Accueil\",\"item\":\"https:\\\/\\\/bigwhoop.fr\\\/\"},{\"@type\":\"ListItem\",\"position\":2,\"name\":\"Politique de confidentialit\u00e9\"}]},{\"@type\":\"WebSite\",\"@id\":\"https:\\\/\\\/bigwhoop.fr\\\/#website\",\"url\":\"https:\\\/\\\/bigwhoop.fr\\\/\",\"name\":\"BigWhoop\",\"description\":\"Agence financement jeu vid\u00e9o - BigWhoop\",\"publisher\":{\"@id\":\"https:\\\/\\\/bigwhoop.fr\\\/#organization\"},\"potentialAction\":[{\"@type\":\"SearchAction\",\"target\":{\"@type\":\"EntryPoint\",\"urlTemplate\":\"https:\\\/\\\/bigwhoop.fr\\\/?s={search_term_string}\"},\"query-input\":{\"@type\":\"PropertyValueSpecification\",\"valueRequired\":true,\"valueName\":\"search_term_string\"}}],\"inLanguage\":\"en-GB\"},{\"@type\":\"Organization\",\"@id\":\"https:\\\/\\\/bigwhoop.fr\\\/#organization\",\"name\":\"BigWhoop\",\"url\":\"https:\\\/\\\/bigwhoop.fr\\\/\",\"logo\":{\"@type\":\"ImageObject\",\"inLanguage\":\"en-GB\",\"@id\":\"https:\\\/\\\/bigwhoop.fr\\\/#\\\/schema\\\/logo\\\/image\\\/\",\"url\":\"https:\\\/\\\/bigwhoop.fr\\\/wp-content\\\/uploads\\\/2023\\\/01\\\/logo-bigwhoop.png\",\"contentUrl\":\"https:\\\/\\\/bigwhoop.fr\\\/wp-content\\\/uploads\\\/2023\\\/01\\\/logo-bigwhoop.png\",\"width\":1600,\"height\":1274,\"caption\":\"BigWhoop\"},\"image\":{\"@id\":\"https:\\\/\\\/bigwhoop.fr\\\/#\\\/schema\\\/logo\\\/image\\\/\"},\"sameAs\":[\"https:\\\/\\\/fr.linkedin.com\\\/company\\\/bigwhoop\"]}]}<\/script>\n<!-- \/ Yoast SEO plugin. -->","yoast_head_json":{"title":"Politique de confidentialit\u00e9 - BigWhoop","description":"Privacy Policy","robots":{"index":"index","follow":"follow","max-snippet":"max-snippet:-1","max-image-preview":"max-image-preview:large","max-video-preview":"max-video-preview:-1"},"canonical":"https:\/\/bigwhoop.fr\/en\/politique-de-confidentialite\/","og_locale":"en_GB","og_type":"article","og_title":"Politique de confidentialit\u00e9 - BigWhoop","og_description":"Politique de confidentialit\u00e9","og_url":"https:\/\/bigwhoop.fr\/en\/politique-de-confidentialite\/","og_site_name":"BigWhoop","article_modified_time":"2023-04-18T11:36:49+00:00","twitter_card":"summary_large_image","twitter_misc":{"Estimated reading time":"11 minutes"},"schema":{"@context":"https:\/\/schema.org","@graph":[{"@type":"WebPage","@id":"https:\/\/bigwhoop.fr\/politique-de-confidentialite\/","url":"https:\/\/bigwhoop.fr\/politique-de-confidentialite\/","name":"Politique de confidentialit\u00e9 - BigWhoop","isPartOf":{"@id":"https:\/\/bigwhoop.fr\/#website"},"datePublished":"2023-01-01T08:40:00+00:00","dateModified":"2023-04-18T11:36:49+00:00","description":"Privacy Policy","breadcrumb":{"@id":"https:\/\/bigwhoop.fr\/politique-de-confidentialite\/#breadcrumb"},"inLanguage":"en-GB","potentialAction":[{"@type":"ReadAction","target":["https:\/\/bigwhoop.fr\/politique-de-confidentialite\/"]}]},{"@type":"BreadcrumbList","@id":"https:\/\/bigwhoop.fr\/politique-de-confidentialite\/#breadcrumb","itemListElement":[{"@type":"ListItem","position":1,"name":"Accueil","item":"https:\/\/bigwhoop.fr\/"},{"@type":"ListItem","position":2,"name":"Politique de confidentialit\u00e9"}]},{"@type":"WebSite","@id":"https:\/\/bigwhoop.fr\/#website","url":"https:\/\/bigwhoop.fr\/","name":"BigWhoop","description":"Agence financement jeu vid\u00e9o - BigWhoop","publisher":{"@id":"https:\/\/bigwhoop.fr\/#organization"},"potentialAction":[{"@type":"SearchAction","target":{"@type":"EntryPoint","urlTemplate":"https:\/\/bigwhoop.fr\/?s={search_term_string}"},"query-input":{"@type":"PropertyValueSpecification","valueRequired":true,"valueName":"search_term_string"}}],"inLanguage":"en-GB"},{"@type":"Organization","@id":"https:\/\/bigwhoop.fr\/#organization","name":"BigWhoop","url":"https:\/\/bigwhoop.fr\/","logo":{"@type":"ImageObject","inLanguage":"en-GB","@id":"https:\/\/bigwhoop.fr\/#\/schema\/logo\/image\/","url":"https:\/\/bigwhoop.fr\/wp-content\/uploads\/2023\/01\/logo-bigwhoop.png","contentUrl":"https:\/\/bigwhoop.fr\/wp-content\/uploads\/2023\/01\/logo-bigwhoop.png","width":1600,"height":1274,"caption":"BigWhoop"},"image":{"@id":"https:\/\/bigwhoop.fr\/#\/schema\/logo\/image\/"},"sameAs":["https:\/\/fr.linkedin.com\/company\/bigwhoop"]}]}},"_links":{"self":[{"href":"https:\/\/bigwhoop.fr\/en\/wp-json\/wp\/v2\/pages\/3","targetHints":{"allow":["GET"]}}],"collection":[{"href":"https:\/\/bigwhoop.fr\/en\/wp-json\/wp\/v2\/pages"}],"about":[{"href":"https:\/\/bigwhoop.fr\/en\/wp-json\/wp\/v2\/types\/page"}],"author":[{"embeddable":true,"href":"https:\/\/bigwhoop.fr\/en\/wp-json\/wp\/v2\/users\/1"}],"replies":[{"embeddable":true,"href":"https:\/\/bigwhoop.fr\/en\/wp-json\/wp\/v2\/comments?post=3"}],"version-history":[{"count":5,"href":"https:\/\/bigwhoop.fr\/en\/wp-json\/wp\/v2\/pages\/3\/revisions"}],"predecessor-version":[{"id":475,"href":"https:\/\/bigwhoop.fr\/en\/wp-json\/wp\/v2\/pages\/3\/revisions\/475"}],"wp:attachment":[{"href":"https:\/\/bigwhoop.fr\/en\/wp-json\/wp\/v2\/media?parent=3"}],"curies":[{"name":"wp","href":"https:\/\/api.w.org\/{rel}","templated":true}]}}