{"id":431,"date":"2023-02-01T11:16:16","date_gmt":"2023-02-01T10:16:16","guid":{"rendered":"https:\/\/bigwhoop.fr\/?page_id=431"},"modified":"2023-04-18T13:11:53","modified_gmt":"2023-04-18T11:11:53","slug":"conditions-generales-dutilisation","status":"publish","type":"page","link":"https:\/\/bigwhoop.fr\/en\/conditions-generales-dutilisation\/","title":{"rendered":"Conditions G\u00e9n\u00e9rales d\u2019Utilisation"},"content":{"rendered":"<p style=\"text-align: justify;\"><strong>The present GTCU have for object the access, the consultation and the use of the site, published by the company BIGWHOOP<\/strong><\/p>\n<p style=\"text-align: justify;\"><span style=\"font-weight: 400;\">The GTCU constitute a contract between the Company and the User of the Site and the Services offered.<\/span><\/p>\n<p style=\"text-align: justify;\"><strong>Access to the site and its content<\/strong><\/p>\n<p style=\"text-align: justify;\"><span style=\"font-weight: 400;\">The User undertakes to respect all the rules set out herein when using the Site. In particular, he\/she undertakes not to create, distribute, transmit, communicate or store, by any means whatsoever and to whomever it may be addressed, any illicit content or defamatory, insulting, discriminatory or denigrating remarks or remarks that contravene public order.<\/span><\/p>\n<p style=\"text-align: justify;\"><span style=\"font-weight: 400;\">- The User also undertakes to respect the privacy of all other Users and not to infringe the rights of third parties.<\/span><\/p>\n<p style=\"text-align: justify;\"><span style=\"font-weight: 400;\">- The User undertakes not to infringe in any way whatsoever all the intellectual property rights relating to the Site, as well as to its Content and Services. In particular, the User undertakes not to reproduce, copy, disseminate, distribute, communicate, transfer or represent on any other website, or on any medium with a commercial purpose, the elements and content of the Site and its Services.<\/span><\/p>\n<p style=\"text-align: justify;\"><span style=\"font-weight: 400;\">- The User undertakes not to hinder, disrupt, divert and more generally not to act in any way that is not in accordance with the ordinary use of the Site.<\/span><\/p>\n<p style=\"text-align: justify;\"><span style=\"font-weight: 400;\">- The User shall refrain from distributing and\/or canvassing for commercial purposes on the Site, and shall refrain from introducing content that may be harmful to other Users.<\/span><\/p>\n<p style=\"text-align: justify;\"><span style=\"font-weight: 400;\">- When the User chooses to use the Services of the Site such as \"Comments\" and more generally when he wishes to disseminate content on the Site, he waives any pecuniary claim in respect of this content, its creation and its dissemination. By using the Site, the User agrees with the Company on the \"public interest objective\" and the \"necessary gratuity\" resulting from his contribution.<\/span><\/p>\n<p style=\"text-align: justify;\"><span style=\"font-weight: 400;\">- The User acknowledges the public nature of the discussion areas (Forums, Chat, Testimonials, etc.), which can be consulted by all, and therefore refrains from disseminating personal details or data.<\/span><\/p>\n<p style=\"text-align: justify;\"><span style=\"font-weight: 400;\">- In accordance with Law No. 2004-575 of 21 June 2004, Users are invited to report any content of an illicit nature<\/span><\/p>\n<p style=\"text-align: justify;\"><span style=\"font-weight: 400;\">Contact: a.mahieu@bigwhoop.fr\u00a0<\/span><\/p>\n<p style=\"text-align: justify;\"><strong>Intellectual property<\/strong><\/p>\n<p style=\"text-align: justify;\"><span style=\"font-weight: 400;\">The Site, its contents and Services, drawings, models, databases, trademarks and logos are subject to intellectual property law. The reference to these rights also appears in the legal notice. These various elements are the property of the Company. The User undertakes to respect these rights. The Company only grants the User a non-exclusive and non-transferable right to use (use is understood to mean non-commercial use, characterised by browsing, participation and the choice of subscription to the various Services) its Site and its Services, and consequently reserves the rights of exploitation, dissemination, transfer, as well as any other right on the elements that constitute its Site and its Services.<\/span><\/p>\n<p style=\"text-align: justify;\"><strong>Hyperlinks<\/strong><\/p>\n<p style=\"text-align: justify;\"><span style=\"font-weight: 400;\">Activation of links. BIGWHOOP is not responsible for the content of the linked sites. These links are offered to the users of this website. Please consult the general terms and conditions and the information on data protection and cookies of these sites to understand their practices. The decision to activate the links rests solely with the users of the website. BIGWHOOP may change or remove a link on the website at any time.<\/span><\/p>\n<p style=\"text-align: justify;\"><span style=\"font-weight: 400;\">Authorization of the links. If you wish to create a hypertext link with this website, you must obtain prior written authorization from BIGWHOOP by using the email address below.<\/span><\/p>\n<p style=\"text-align: justify;\"><span style=\"font-weight: 400;\">Contact: a.mahieu@bigwhoop.fr\u00a0<\/span><\/p>\n<p style=\"text-align: justify;\"><strong>Image rights<\/strong><\/p>\n<p style=\"text-align: justify;\"><span style=\"font-weight: 400;\">The User agrees not to use any of the Features and\/or Images on the BIGWHOOP website.<\/span><\/p>\n<p style=\"text-align: justify;\"><span style=\"font-weight: 400;\">It is thus recalled that any commercial use by the User of the Images made available on the Site is strictly prohibited.<\/span><\/p>\n<p style=\"text-align: justify;\"><span style=\"font-weight: 400;\">Furthermore, any extraction and substantial use of the Images made available on the Site, within the meaning of the sui generis right of databases provided for by the Intellectual Property Code, is strictly prohibited.<\/span><\/p>\n<p style=\"text-align: justify;\"><strong>Applicable law and jurisdiction<\/strong><\/p>\n<p style=\"text-align: justify;\"><span style=\"font-weight: 400;\">Every access to the BIGWHOOP website is visible to Google Analytics. This information enables BIGWHOOP to compile statistics which show which elements of the website are most popular. Further information on the type, extent, purpose of data recording, etc. can be found on the privacy policy page.<\/span><\/p>\n<p style=\"text-align: justify;\"><span style=\"font-weight: 400;\">Ces conditions d\u2019utilisation sont r\u00e9gies par le droit fran\u00e7ais \u00e0 l\u2019exclusion de la r\u00e8gle de conflit de loi. Le Tribunal judiciaire de Valenciennes, est seul comp\u00e9tent.<\/span><\/p>\n<p style=\"text-align: justify;\"><span style=\"font-weight: 400;\">Tribunal judiciaire de Valenciennes 59304<\/span><\/p>\n<p style=\"text-align: justify;\">6 AVENUE DES DENTELLIERES BP 10349<\/p>\n<p style=\"text-align: justify;\">59304 VALENCIENNES CEDEX<\/p>\n<p style=\"text-align: justify;\"><strong>Modification of the conditions of use<\/strong><\/p>\n<p style=\"text-align: justify;\"><span style=\"font-weight: 400;\">BIGWHOOP is free to modify the Terms of Use at any time. The User is therefore advised to regularly refer to the latest version of the Terms and Conditions of Use which is permanently available at the following address: https:\/\/bigwhoop.fr\/cgu\/<\/span><\/p>\n<p style=\"text-align: justify;\"><span style=\"font-weight: 400;\">Access to the site's services may be interrupted, suspended or modified at any time without notice for maintenance or any other reason. The user undertakes not to claim any compensation following the interruption, suspension or modification of this contract. The user may contact us using the e-mail address below.<\/span><\/p>\n<p style=\"text-align: justify;\"><span style=\"font-weight: 400;\">Contact: a.mahieu@bigwhoop.fr\u00a0<\/span><\/p>\n<p style=\"text-align: justify;\"><span style=\"font-weight: 400;\">However, no modification of the General Conditions of Use will be enforceable against users if it is contrary to the General Conditions of Use in force on the day the contact form is used.<\/span><\/p>\n<p style=\"text-align: justify;\"><strong>Protection of personal data<\/strong><\/p>\n<p style=\"text-align: justify;\"><span style=\"font-weight: 400;\">You may access and obtain a copy of your data, object to the processing of such data, have them corrected or deleted. You also have the right to limit the processing of your data. More information on this subject is available on the page dedicated to the privacy policy.<\/span><\/p>","protected":false},"excerpt":{"rendered":"<p>Les pr\u00e9sentes CGU ont pour objet l\u2019acc\u00e8s, la consultation et l\u2019utilisation du site, \u00e9dit\u00e9 par la soci\u00e9t\u00e9 BIGWHOOP Les CGU constituent un contrat entre la Soci\u00e9t\u00e9 et l\u2019Utilisateur du Site et des Services propos\u00e9s. Acc\u00e8s au site et \u00e0 son contenu L\u2019Utilisateur s\u2019engage \u00e0 respecter l\u2019ensemble des r\u00e8gles fix\u00e9es par les pr\u00e9sentes dans l\u2019utilisation du [&hellip;]<\/p>\n","protected":false},"author":3,"featured_media":0,"parent":0,"menu_order":0,"comment_status":"closed","ping_status":"closed","template":"","meta":{"footnotes":""},"class_list":["post-431","page","type-page","status-publish","hentry"],"yoast_head":"<!-- This site is optimized with the Yoast SEO plugin v27.4 - https:\/\/yoast.com\/product\/yoast-seo-wordpress\/ -->\n<title>Conditions G\u00e9n\u00e9rales d\u2019Utilisation - BigWhoop<\/title>\n<meta name=\"description\" content=\"Les pr\u00e9sentes CGU ont pour objet l\u2019acc\u00e8s, la consultation et l\u2019utilisation du site, \u00e9dit\u00e9 par la soci\u00e9t\u00e9 BIGWHOOP\" \/>\n<meta name=\"robots\" content=\"index, follow, max-snippet:-1, max-image-preview:large, max-video-preview:-1\" \/>\n<link rel=\"canonical\" href=\"https:\/\/bigwhoop.fr\/en\/conditions-generales-dutilisation\/\" \/>\n<meta property=\"og:locale\" content=\"en_GB\" \/>\n<meta property=\"og:type\" content=\"article\" \/>\n<meta property=\"og:title\" content=\"Conditions G\u00e9n\u00e9rales d\u2019Utilisation - BigWhoop\" \/>\n<meta property=\"og:description\" content=\"Les pr\u00e9sentes CGU ont pour objet l\u2019acc\u00e8s, la consultation et l\u2019utilisation du site, \u00e9dit\u00e9 par la soci\u00e9t\u00e9 BIGWHOOP\" \/>\n<meta property=\"og:url\" content=\"https:\/\/bigwhoop.fr\/en\/conditions-generales-dutilisation\/\" \/>\n<meta property=\"og:site_name\" content=\"BigWhoop\" \/>\n<meta property=\"article:modified_time\" content=\"2023-04-18T11:11:53+00:00\" \/>\n<meta name=\"twitter:card\" content=\"summary_large_image\" \/>\n<meta name=\"twitter:label1\" content=\"Estimated reading time\" \/>\n\t<meta name=\"twitter:data1\" content=\"5 minutes\" \/>\n<script type=\"application\/ld+json\" class=\"yoast-schema-graph\">{\"@context\":\"https:\\\/\\\/schema.org\",\"@graph\":[{\"@type\":\"WebPage\",\"@id\":\"https:\\\/\\\/bigwhoop.fr\\\/conditions-generales-dutilisation\\\/\",\"url\":\"https:\\\/\\\/bigwhoop.fr\\\/conditions-generales-dutilisation\\\/\",\"name\":\"Conditions G\u00e9n\u00e9rales d\u2019Utilisation - BigWhoop\",\"isPartOf\":{\"@id\":\"https:\\\/\\\/bigwhoop.fr\\\/#website\"},\"datePublished\":\"2023-02-01T10:16:16+00:00\",\"dateModified\":\"2023-04-18T11:11:53+00:00\",\"description\":\"Les pr\u00e9sentes CGU ont pour objet l\u2019acc\u00e8s, la consultation et l\u2019utilisation du site, \u00e9dit\u00e9 par la soci\u00e9t\u00e9 BIGWHOOP\",\"breadcrumb\":{\"@id\":\"https:\\\/\\\/bigwhoop.fr\\\/conditions-generales-dutilisation\\\/#breadcrumb\"},\"inLanguage\":\"en-GB\",\"potentialAction\":[{\"@type\":\"ReadAction\",\"target\":[\"https:\\\/\\\/bigwhoop.fr\\\/conditions-generales-dutilisation\\\/\"]}]},{\"@type\":\"BreadcrumbList\",\"@id\":\"https:\\\/\\\/bigwhoop.fr\\\/conditions-generales-dutilisation\\\/#breadcrumb\",\"itemListElement\":[{\"@type\":\"ListItem\",\"position\":1,\"name\":\"Accueil\",\"item\":\"https:\\\/\\\/bigwhoop.fr\\\/\"},{\"@type\":\"ListItem\",\"position\":2,\"name\":\"Conditions G\u00e9n\u00e9rales d\u2019Utilisation\"}]},{\"@type\":\"WebSite\",\"@id\":\"https:\\\/\\\/bigwhoop.fr\\\/#website\",\"url\":\"https:\\\/\\\/bigwhoop.fr\\\/\",\"name\":\"BigWhoop\",\"description\":\"Agence financement jeu vid\u00e9o - BigWhoop\",\"publisher\":{\"@id\":\"https:\\\/\\\/bigwhoop.fr\\\/#organization\"},\"potentialAction\":[{\"@type\":\"SearchAction\",\"target\":{\"@type\":\"EntryPoint\",\"urlTemplate\":\"https:\\\/\\\/bigwhoop.fr\\\/?s={search_term_string}\"},\"query-input\":{\"@type\":\"PropertyValueSpecification\",\"valueRequired\":true,\"valueName\":\"search_term_string\"}}],\"inLanguage\":\"en-GB\"},{\"@type\":\"Organization\",\"@id\":\"https:\\\/\\\/bigwhoop.fr\\\/#organization\",\"name\":\"BigWhoop\",\"url\":\"https:\\\/\\\/bigwhoop.fr\\\/\",\"logo\":{\"@type\":\"ImageObject\",\"inLanguage\":\"en-GB\",\"@id\":\"https:\\\/\\\/bigwhoop.fr\\\/#\\\/schema\\\/logo\\\/image\\\/\",\"url\":\"https:\\\/\\\/bigwhoop.fr\\\/wp-content\\\/uploads\\\/2023\\\/01\\\/logo-bigwhoop.png\",\"contentUrl\":\"https:\\\/\\\/bigwhoop.fr\\\/wp-content\\\/uploads\\\/2023\\\/01\\\/logo-bigwhoop.png\",\"width\":1600,\"height\":1274,\"caption\":\"BigWhoop\"},\"image\":{\"@id\":\"https:\\\/\\\/bigwhoop.fr\\\/#\\\/schema\\\/logo\\\/image\\\/\"},\"sameAs\":[\"https:\\\/\\\/fr.linkedin.com\\\/company\\\/bigwhoop\"]}]}<\/script>\n<!-- \/ Yoast SEO plugin. -->","yoast_head_json":{"title":"Conditions G\u00e9n\u00e9rales d\u2019Utilisation - BigWhoop","description":"The present GTCU have for object the access, the consultation and the use of the site, published by the company BIGWHOOP","robots":{"index":"index","follow":"follow","max-snippet":"max-snippet:-1","max-image-preview":"max-image-preview:large","max-video-preview":"max-video-preview:-1"},"canonical":"https:\/\/bigwhoop.fr\/en\/conditions-generales-dutilisation\/","og_locale":"en_GB","og_type":"article","og_title":"Conditions G\u00e9n\u00e9rales d\u2019Utilisation - BigWhoop","og_description":"Les pr\u00e9sentes CGU ont pour objet l\u2019acc\u00e8s, la consultation et l\u2019utilisation du site, \u00e9dit\u00e9 par la soci\u00e9t\u00e9 BIGWHOOP","og_url":"https:\/\/bigwhoop.fr\/en\/conditions-generales-dutilisation\/","og_site_name":"BigWhoop","article_modified_time":"2023-04-18T11:11:53+00:00","twitter_card":"summary_large_image","twitter_misc":{"Estimated reading time":"5 minutes"},"schema":{"@context":"https:\/\/schema.org","@graph":[{"@type":"WebPage","@id":"https:\/\/bigwhoop.fr\/conditions-generales-dutilisation\/","url":"https:\/\/bigwhoop.fr\/conditions-generales-dutilisation\/","name":"Conditions G\u00e9n\u00e9rales d\u2019Utilisation - BigWhoop","isPartOf":{"@id":"https:\/\/bigwhoop.fr\/#website"},"datePublished":"2023-02-01T10:16:16+00:00","dateModified":"2023-04-18T11:11:53+00:00","description":"The present GTCU have for object the access, the consultation and the use of the site, published by the company BIGWHOOP","breadcrumb":{"@id":"https:\/\/bigwhoop.fr\/conditions-generales-dutilisation\/#breadcrumb"},"inLanguage":"en-GB","potentialAction":[{"@type":"ReadAction","target":["https:\/\/bigwhoop.fr\/conditions-generales-dutilisation\/"]}]},{"@type":"BreadcrumbList","@id":"https:\/\/bigwhoop.fr\/conditions-generales-dutilisation\/#breadcrumb","itemListElement":[{"@type":"ListItem","position":1,"name":"Accueil","item":"https:\/\/bigwhoop.fr\/"},{"@type":"ListItem","position":2,"name":"Conditions G\u00e9n\u00e9rales d\u2019Utilisation"}]},{"@type":"WebSite","@id":"https:\/\/bigwhoop.fr\/#website","url":"https:\/\/bigwhoop.fr\/","name":"BigWhoop","description":"Agence financement jeu vid\u00e9o - BigWhoop","publisher":{"@id":"https:\/\/bigwhoop.fr\/#organization"},"potentialAction":[{"@type":"SearchAction","target":{"@type":"EntryPoint","urlTemplate":"https:\/\/bigwhoop.fr\/?s={search_term_string}"},"query-input":{"@type":"PropertyValueSpecification","valueRequired":true,"valueName":"search_term_string"}}],"inLanguage":"en-GB"},{"@type":"Organization","@id":"https:\/\/bigwhoop.fr\/#organization","name":"BigWhoop","url":"https:\/\/bigwhoop.fr\/","logo":{"@type":"ImageObject","inLanguage":"en-GB","@id":"https:\/\/bigwhoop.fr\/#\/schema\/logo\/image\/","url":"https:\/\/bigwhoop.fr\/wp-content\/uploads\/2023\/01\/logo-bigwhoop.png","contentUrl":"https:\/\/bigwhoop.fr\/wp-content\/uploads\/2023\/01\/logo-bigwhoop.png","width":1600,"height":1274,"caption":"BigWhoop"},"image":{"@id":"https:\/\/bigwhoop.fr\/#\/schema\/logo\/image\/"},"sameAs":["https:\/\/fr.linkedin.com\/company\/bigwhoop"]}]}},"_links":{"self":[{"href":"https:\/\/bigwhoop.fr\/en\/wp-json\/wp\/v2\/pages\/431","targetHints":{"allow":["GET"]}}],"collection":[{"href":"https:\/\/bigwhoop.fr\/en\/wp-json\/wp\/v2\/pages"}],"about":[{"href":"https:\/\/bigwhoop.fr\/en\/wp-json\/wp\/v2\/types\/page"}],"author":[{"embeddable":true,"href":"https:\/\/bigwhoop.fr\/en\/wp-json\/wp\/v2\/users\/3"}],"replies":[{"embeddable":true,"href":"https:\/\/bigwhoop.fr\/en\/wp-json\/wp\/v2\/comments?post=431"}],"version-history":[{"count":3,"href":"https:\/\/bigwhoop.fr\/en\/wp-json\/wp\/v2\/pages\/431\/revisions"}],"predecessor-version":[{"id":495,"href":"https:\/\/bigwhoop.fr\/en\/wp-json\/wp\/v2\/pages\/431\/revisions\/495"}],"wp:attachment":[{"href":"https:\/\/bigwhoop.fr\/en\/wp-json\/wp\/v2\/media?parent=431"}],"curies":[{"name":"wp","href":"https:\/\/api.w.org\/{rel}","templated":true}]}}