{"id":440,"date":"2023-02-01T14:48:06","date_gmt":"2023-02-01T13:48:06","guid":{"rendered":"https:\/\/bigwhoop.fr\/?page_id=440"},"modified":"2025-01-27T13:34:30","modified_gmt":"2025-01-27T12:34:30","slug":"interview-doudou-studio","status":"publish","type":"page","link":"https:\/\/bigwhoop.fr\/en\/interview-doudou-studio\/","title":{"rendered":"Interview Doudou Studio"},"content":{"rendered":"<p>&nbsp;<\/p>\n<p><strong>Can you introduce Doudou Studio and the profile of the company's partners?<\/strong><br \/>\nDoudou Studio is a startup that offers an innovative product for video game studios to facilitate their use of Twitch.<br \/>\nWe are two founders, both developers, with skills in Agility.<\/p>\n<p><strong>How did you hear about BigWhoop?<\/strong><br \/>\nWe found out about BigWhoop because we were looking for a way to check whether our product was suitable for our market. We were advised about this company.<\/p>\n<p><strong>Why did you choose BigWhoop for your market research?<\/strong><br \/>\nThe company seemed serious and the first exchanges before signing confirmed this impression.<\/p>\n<p><strong>How would you rate the effort you had to put in to help BigWhoop with the market research?<\/strong><br \/>\nWe decided to do some of the work ourselves to minimise costs:<br \/>\nwe provided our documentation base to facilitate their work and we provided videos of our product being used in existing games.<\/p>\n<p><strong>Were you satisfied with the work and support provided by BigWhoop?<\/strong><br \/>\nYes, without hesitation. They were educational and patient.<\/p>\n<p><strong>What did the market research actually do for you?<\/strong><br \/>\nWe have confirmation that our audience is waiting for the functionalities that our product can provide.<br \/>\nWe're not making a game, we're making software for game studios.<br \/>\nThe results of the study will make it easier for us to sell our product to studios!<\/p>\n<p><strong>Is there anything BigWhoop can do better? <\/strong><br \/>\nNo<\/p>\n<p><strong>Would you recommend BigWhoop to other companies?<\/strong><br \/>\nYes, without hesitation, as long as there is a real need!<\/p>\n<p>&nbsp;<\/p>","protected":false},"excerpt":{"rendered":"<p>&nbsp; Pouvez-vous vous pr\u00e9senter Doudou studio et le profil des associ\u00e9s de cette soci\u00e9t\u00e9 ? Doudou Studio, c\u2019est une startup qui propose un produit innovant \u00e0 destination des studios de jeux vid\u00e9o pour faciliter leur utilisation de Twitch. Nous sommes deux fondateurs, tous deux d\u00e9veloppeurs, avec des comp\u00e9tences en Agilit\u00e9. Comment avez-vous connu BigWhoop ? [&hellip;]<\/p>\n","protected":false},"author":3,"featured_media":157,"parent":0,"menu_order":0,"comment_status":"closed","ping_status":"closed","template":"","meta":{"footnotes":""},"class_list":["post-440","page","type-page","status-publish","has-post-thumbnail","hentry"],"yoast_head":"<!-- This site is optimized with the Yoast SEO plugin v27.4 - https:\/\/yoast.com\/product\/yoast-seo-wordpress\/ -->\n<title>Interview Doudou Studio - BigWhoop<\/title>\n<meta name=\"robots\" content=\"index, follow, max-snippet:-1, max-image-preview:large, max-video-preview:-1\" \/>\n<link rel=\"canonical\" href=\"https:\/\/bigwhoop.fr\/en\/interview-doudou-studio\/\" \/>\n<meta property=\"og:locale\" content=\"en_GB\" \/>\n<meta property=\"og:type\" content=\"article\" \/>\n<meta property=\"og:title\" content=\"Interview Doudou Studio - BigWhoop\" \/>\n<meta property=\"og:description\" content=\"&nbsp; Pouvez-vous vous pr\u00e9senter Doudou studio et le profil des associ\u00e9s de cette soci\u00e9t\u00e9 ? Doudou Studio, c\u2019est une startup qui propose un produit innovant \u00e0 destination des studios de jeux vid\u00e9o pour faciliter leur utilisation de Twitch. Nous sommes deux fondateurs, tous deux d\u00e9veloppeurs, avec des comp\u00e9tences en Agilit\u00e9. Comment avez-vous connu BigWhoop ? [&hellip;]\" \/>\n<meta property=\"og:url\" content=\"https:\/\/bigwhoop.fr\/en\/interview-doudou-studio\/\" \/>\n<meta property=\"og:site_name\" content=\"BigWhoop\" \/>\n<meta property=\"article:modified_time\" content=\"2025-01-27T12:34:30+00:00\" \/>\n<meta property=\"og:image\" content=\"https:\/\/bigwhoop.fr\/wp-content\/uploads\/2023\/01\/Background-contact.png\" \/>\n\t<meta property=\"og:image:width\" content=\"1480\" \/>\n\t<meta property=\"og:image:height\" content=\"820\" \/>\n\t<meta property=\"og:image:type\" content=\"image\/png\" \/>\n<meta name=\"twitter:card\" content=\"summary_large_image\" \/>\n<meta name=\"twitter:label1\" content=\"Estimated reading time\" \/>\n\t<meta name=\"twitter:data1\" content=\"2 minutes\" \/>\n<script type=\"application\/ld+json\" class=\"yoast-schema-graph\">{\"@context\":\"https:\\\/\\\/schema.org\",\"@graph\":[{\"@type\":\"WebPage\",\"@id\":\"https:\\\/\\\/bigwhoop.fr\\\/interview-doudou-studio\\\/\",\"url\":\"https:\\\/\\\/bigwhoop.fr\\\/interview-doudou-studio\\\/\",\"name\":\"Interview Doudou Studio - BigWhoop\",\"isPartOf\":{\"@id\":\"https:\\\/\\\/bigwhoop.fr\\\/#website\"},\"primaryImageOfPage\":{\"@id\":\"https:\\\/\\\/bigwhoop.fr\\\/interview-doudou-studio\\\/#primaryimage\"},\"image\":{\"@id\":\"https:\\\/\\\/bigwhoop.fr\\\/interview-doudou-studio\\\/#primaryimage\"},\"thumbnailUrl\":\"https:\\\/\\\/bigwhoop.fr\\\/wp-content\\\/uploads\\\/2023\\\/01\\\/Background-contact.png\",\"datePublished\":\"2023-02-01T13:48:06+00:00\",\"dateModified\":\"2025-01-27T12:34:30+00:00\",\"breadcrumb\":{\"@id\":\"https:\\\/\\\/bigwhoop.fr\\\/interview-doudou-studio\\\/#breadcrumb\"},\"inLanguage\":\"en-GB\",\"potentialAction\":[{\"@type\":\"ReadAction\",\"target\":[\"https:\\\/\\\/bigwhoop.fr\\\/interview-doudou-studio\\\/\"]}]},{\"@type\":\"ImageObject\",\"inLanguage\":\"en-GB\",\"@id\":\"https:\\\/\\\/bigwhoop.fr\\\/interview-doudou-studio\\\/#primaryimage\",\"url\":\"https:\\\/\\\/bigwhoop.fr\\\/wp-content\\\/uploads\\\/2023\\\/01\\\/Background-contact.png\",\"contentUrl\":\"https:\\\/\\\/bigwhoop.fr\\\/wp-content\\\/uploads\\\/2023\\\/01\\\/Background-contact.png\",\"width\":1480,\"height\":820},{\"@type\":\"BreadcrumbList\",\"@id\":\"https:\\\/\\\/bigwhoop.fr\\\/interview-doudou-studio\\\/#breadcrumb\",\"itemListElement\":[{\"@type\":\"ListItem\",\"position\":1,\"name\":\"Accueil\",\"item\":\"https:\\\/\\\/bigwhoop.fr\\\/\"},{\"@type\":\"ListItem\",\"position\":2,\"name\":\"Interview Doudou Studio\"}]},{\"@type\":\"WebSite\",\"@id\":\"https:\\\/\\\/bigwhoop.fr\\\/#website\",\"url\":\"https:\\\/\\\/bigwhoop.fr\\\/\",\"name\":\"BigWhoop\",\"description\":\"Agence financement jeu vid\u00e9o - BigWhoop\",\"publisher\":{\"@id\":\"https:\\\/\\\/bigwhoop.fr\\\/#organization\"},\"potentialAction\":[{\"@type\":\"SearchAction\",\"target\":{\"@type\":\"EntryPoint\",\"urlTemplate\":\"https:\\\/\\\/bigwhoop.fr\\\/?s={search_term_string}\"},\"query-input\":{\"@type\":\"PropertyValueSpecification\",\"valueRequired\":true,\"valueName\":\"search_term_string\"}}],\"inLanguage\":\"en-GB\"},{\"@type\":\"Organization\",\"@id\":\"https:\\\/\\\/bigwhoop.fr\\\/#organization\",\"name\":\"BigWhoop\",\"url\":\"https:\\\/\\\/bigwhoop.fr\\\/\",\"logo\":{\"@type\":\"ImageObject\",\"inLanguage\":\"en-GB\",\"@id\":\"https:\\\/\\\/bigwhoop.fr\\\/#\\\/schema\\\/logo\\\/image\\\/\",\"url\":\"https:\\\/\\\/bigwhoop.fr\\\/wp-content\\\/uploads\\\/2023\\\/01\\\/logo-bigwhoop.png\",\"contentUrl\":\"https:\\\/\\\/bigwhoop.fr\\\/wp-content\\\/uploads\\\/2023\\\/01\\\/logo-bigwhoop.png\",\"width\":1600,\"height\":1274,\"caption\":\"BigWhoop\"},\"image\":{\"@id\":\"https:\\\/\\\/bigwhoop.fr\\\/#\\\/schema\\\/logo\\\/image\\\/\"},\"sameAs\":[\"https:\\\/\\\/fr.linkedin.com\\\/company\\\/bigwhoop\"]}]}<\/script>\n<!-- \/ Yoast SEO plugin. -->","yoast_head_json":{"title":"Interview Doudou Studio - BigWhoop","robots":{"index":"index","follow":"follow","max-snippet":"max-snippet:-1","max-image-preview":"max-image-preview:large","max-video-preview":"max-video-preview:-1"},"canonical":"https:\/\/bigwhoop.fr\/en\/interview-doudou-studio\/","og_locale":"en_GB","og_type":"article","og_title":"Interview Doudou Studio - BigWhoop","og_description":"&nbsp; Pouvez-vous vous pr\u00e9senter Doudou studio et le profil des associ\u00e9s de cette soci\u00e9t\u00e9 ? Doudou Studio, c\u2019est une startup qui propose un produit innovant \u00e0 destination des studios de jeux vid\u00e9o pour faciliter leur utilisation de Twitch. Nous sommes deux fondateurs, tous deux d\u00e9veloppeurs, avec des comp\u00e9tences en Agilit\u00e9. Comment avez-vous connu BigWhoop ? [&hellip;]","og_url":"https:\/\/bigwhoop.fr\/en\/interview-doudou-studio\/","og_site_name":"BigWhoop","article_modified_time":"2025-01-27T12:34:30+00:00","og_image":[{"width":1480,"height":820,"url":"https:\/\/bigwhoop.fr\/wp-content\/uploads\/2023\/01\/Background-contact.png","type":"image\/png"}],"twitter_card":"summary_large_image","twitter_misc":{"Estimated reading time":"2 minutes"},"schema":{"@context":"https:\/\/schema.org","@graph":[{"@type":"WebPage","@id":"https:\/\/bigwhoop.fr\/interview-doudou-studio\/","url":"https:\/\/bigwhoop.fr\/interview-doudou-studio\/","name":"Interview Doudou Studio - BigWhoop","isPartOf":{"@id":"https:\/\/bigwhoop.fr\/#website"},"primaryImageOfPage":{"@id":"https:\/\/bigwhoop.fr\/interview-doudou-studio\/#primaryimage"},"image":{"@id":"https:\/\/bigwhoop.fr\/interview-doudou-studio\/#primaryimage"},"thumbnailUrl":"https:\/\/bigwhoop.fr\/wp-content\/uploads\/2023\/01\/Background-contact.png","datePublished":"2023-02-01T13:48:06+00:00","dateModified":"2025-01-27T12:34:30+00:00","breadcrumb":{"@id":"https:\/\/bigwhoop.fr\/interview-doudou-studio\/#breadcrumb"},"inLanguage":"en-GB","potentialAction":[{"@type":"ReadAction","target":["https:\/\/bigwhoop.fr\/interview-doudou-studio\/"]}]},{"@type":"ImageObject","inLanguage":"en-GB","@id":"https:\/\/bigwhoop.fr\/interview-doudou-studio\/#primaryimage","url":"https:\/\/bigwhoop.fr\/wp-content\/uploads\/2023\/01\/Background-contact.png","contentUrl":"https:\/\/bigwhoop.fr\/wp-content\/uploads\/2023\/01\/Background-contact.png","width":1480,"height":820},{"@type":"BreadcrumbList","@id":"https:\/\/bigwhoop.fr\/interview-doudou-studio\/#breadcrumb","itemListElement":[{"@type":"ListItem","position":1,"name":"Accueil","item":"https:\/\/bigwhoop.fr\/"},{"@type":"ListItem","position":2,"name":"Interview Doudou Studio"}]},{"@type":"WebSite","@id":"https:\/\/bigwhoop.fr\/#website","url":"https:\/\/bigwhoop.fr\/","name":"BigWhoop","description":"Agence financement jeu vid\u00e9o - BigWhoop","publisher":{"@id":"https:\/\/bigwhoop.fr\/#organization"},"potentialAction":[{"@type":"SearchAction","target":{"@type":"EntryPoint","urlTemplate":"https:\/\/bigwhoop.fr\/?s={search_term_string}"},"query-input":{"@type":"PropertyValueSpecification","valueRequired":true,"valueName":"search_term_string"}}],"inLanguage":"en-GB"},{"@type":"Organization","@id":"https:\/\/bigwhoop.fr\/#organization","name":"BigWhoop","url":"https:\/\/bigwhoop.fr\/","logo":{"@type":"ImageObject","inLanguage":"en-GB","@id":"https:\/\/bigwhoop.fr\/#\/schema\/logo\/image\/","url":"https:\/\/bigwhoop.fr\/wp-content\/uploads\/2023\/01\/logo-bigwhoop.png","contentUrl":"https:\/\/bigwhoop.fr\/wp-content\/uploads\/2023\/01\/logo-bigwhoop.png","width":1600,"height":1274,"caption":"BigWhoop"},"image":{"@id":"https:\/\/bigwhoop.fr\/#\/schema\/logo\/image\/"},"sameAs":["https:\/\/fr.linkedin.com\/company\/bigwhoop"]}]}},"_links":{"self":[{"href":"https:\/\/bigwhoop.fr\/en\/wp-json\/wp\/v2\/pages\/440","targetHints":{"allow":["GET"]}}],"collection":[{"href":"https:\/\/bigwhoop.fr\/en\/wp-json\/wp\/v2\/pages"}],"about":[{"href":"https:\/\/bigwhoop.fr\/en\/wp-json\/wp\/v2\/types\/page"}],"author":[{"embeddable":true,"href":"https:\/\/bigwhoop.fr\/en\/wp-json\/wp\/v2\/users\/3"}],"replies":[{"embeddable":true,"href":"https:\/\/bigwhoop.fr\/en\/wp-json\/wp\/v2\/comments?post=440"}],"version-history":[{"count":8,"href":"https:\/\/bigwhoop.fr\/en\/wp-json\/wp\/v2\/pages\/440\/revisions"}],"predecessor-version":[{"id":632,"href":"https:\/\/bigwhoop.fr\/en\/wp-json\/wp\/v2\/pages\/440\/revisions\/632"}],"wp:featuredmedia":[{"embeddable":true,"href":"https:\/\/bigwhoop.fr\/en\/wp-json\/wp\/v2\/media\/157"}],"wp:attachment":[{"href":"https:\/\/bigwhoop.fr\/en\/wp-json\/wp\/v2\/media?parent=440"}],"curies":[{"name":"wp","href":"https:\/\/api.w.org\/{rel}","templated":true}]}}