{"id":446,"date":"2023-02-02T10:40:38","date_gmt":"2023-02-02T09:40:38","guid":{"rendered":"https:\/\/bigwhoop.fr\/?page_id=446"},"modified":"2025-01-27T13:34:00","modified_gmt":"2025-01-27T12:34:00","slug":"interview-deep-worlds-sa","status":"publish","type":"page","link":"https:\/\/bigwhoop.fr\/en\/interview-deep-worlds-sa\/","title":{"rendered":"Interview Deep Worlds SA"},"content":{"rendered":"<p>&nbsp;<\/p>\n<p><strong>Can you introduce Deep Worlds studio?<\/strong><br \/>\nWe are a Swiss development studio specialising in the creation of immersive and innovative worlds.<\/p>\n<p><strong>How did you hear about BigWhoop?<\/strong><br \/>\nI met the CEO during a battle in an MMORPG.<\/p>\n<p><strong>How would you rate the effort you had to put in to help BigWhoop with the market research?<\/strong><br \/>\nMinimal, Big Whoop quickly made its mark on the project, and understood the stakes involved.<\/p>\n<p><strong>Were you satisfied with the work and support provided by BigWhoop?<\/strong><br \/>\nIn its entirety, Big Whoop provides a complete and comprehensive solution perfectly suited to our needs.<\/p>\n<p><strong>What did the market research actually do for you?<\/strong><br \/>\nThe market study enabled us to evaluate our product and convince investors. It was absolutely decisive in our financing process.<br \/>\nThanks to the latter, we were able to move to ICC Geneva.<\/p>\n<p><strong>Would you recommend BigWhoop to other companies?<\/strong><br \/>\nYes, Big Whoop provides a quality of service and a price perfectly suited to the independent video game sector.<\/p>\n<p>&nbsp;<\/p>","protected":false},"excerpt":{"rendered":"<p>&nbsp; Pouvez-vous pr\u00e9senter Deep Worlds studio ? Nous sommes un studio de d\u00e9veloppement Suisse sp\u00e9cialis\u00e9 dans la cr\u00e9ation d\u2019univers immersifs et innovants. Comment avez-vous connu BigWhoop ? J\u2019ai rencontr\u00e9 son CEO au d\u00e9tour d\u2019une bataille dans un MMORPG. Comment \u00e9valuez-vous l\u2019effort que vous avez d\u00fb fournir afin d\u2019aider BigWhoop \u00e0 effectuer l\u2019\u00e9tude de march\u00e9 ? [&hellip;]<\/p>\n","protected":false},"author":3,"featured_media":157,"parent":0,"menu_order":0,"comment_status":"closed","ping_status":"closed","template":"","meta":{"footnotes":""},"class_list":["post-446","page","type-page","status-publish","has-post-thumbnail","hentry"],"yoast_head":"<!-- This site is optimized with the Yoast SEO plugin v27.4 - https:\/\/yoast.com\/product\/yoast-seo-wordpress\/ -->\n<title>Interview Deep Worlds SA - BigWhoop<\/title>\n<meta name=\"robots\" content=\"index, follow, max-snippet:-1, max-image-preview:large, max-video-preview:-1\" \/>\n<link rel=\"canonical\" href=\"https:\/\/bigwhoop.fr\/en\/interview-deep-worlds-sa\/\" \/>\n<meta property=\"og:locale\" content=\"en_GB\" \/>\n<meta property=\"og:type\" content=\"article\" \/>\n<meta property=\"og:title\" content=\"Interview Deep Worlds SA - BigWhoop\" \/>\n<meta property=\"og:description\" content=\"&nbsp; Pouvez-vous pr\u00e9senter Deep Worlds studio ? Nous sommes un studio de d\u00e9veloppement Suisse sp\u00e9cialis\u00e9 dans la cr\u00e9ation d\u2019univers immersifs et innovants. Comment avez-vous connu BigWhoop ? J\u2019ai rencontr\u00e9 son CEO au d\u00e9tour d\u2019une bataille dans un MMORPG. Comment \u00e9valuez-vous l\u2019effort que vous avez d\u00fb fournir afin d\u2019aider BigWhoop \u00e0 effectuer l\u2019\u00e9tude de march\u00e9 ? [&hellip;]\" \/>\n<meta property=\"og:url\" content=\"https:\/\/bigwhoop.fr\/en\/interview-deep-worlds-sa\/\" \/>\n<meta property=\"og:site_name\" content=\"BigWhoop\" \/>\n<meta property=\"article:modified_time\" content=\"2025-01-27T12:34:00+00:00\" \/>\n<meta property=\"og:image\" content=\"https:\/\/bigwhoop.fr\/wp-content\/uploads\/2023\/01\/Background-contact.png\" \/>\n\t<meta property=\"og:image:width\" content=\"1480\" \/>\n\t<meta property=\"og:image:height\" content=\"820\" \/>\n\t<meta property=\"og:image:type\" content=\"image\/png\" \/>\n<meta name=\"twitter:card\" content=\"summary_large_image\" \/>\n<meta name=\"twitter:label1\" content=\"Estimated reading time\" \/>\n\t<meta name=\"twitter:data1\" content=\"2 minutes\" \/>\n<script type=\"application\/ld+json\" class=\"yoast-schema-graph\">{\"@context\":\"https:\\\/\\\/schema.org\",\"@graph\":[{\"@type\":\"WebPage\",\"@id\":\"https:\\\/\\\/bigwhoop.fr\\\/interview-deep-worlds-sa\\\/\",\"url\":\"https:\\\/\\\/bigwhoop.fr\\\/interview-deep-worlds-sa\\\/\",\"name\":\"Interview Deep Worlds SA - BigWhoop\",\"isPartOf\":{\"@id\":\"https:\\\/\\\/bigwhoop.fr\\\/#website\"},\"primaryImageOfPage\":{\"@id\":\"https:\\\/\\\/bigwhoop.fr\\\/interview-deep-worlds-sa\\\/#primaryimage\"},\"image\":{\"@id\":\"https:\\\/\\\/bigwhoop.fr\\\/interview-deep-worlds-sa\\\/#primaryimage\"},\"thumbnailUrl\":\"https:\\\/\\\/bigwhoop.fr\\\/wp-content\\\/uploads\\\/2023\\\/01\\\/Background-contact.png\",\"datePublished\":\"2023-02-02T09:40:38+00:00\",\"dateModified\":\"2025-01-27T12:34:00+00:00\",\"breadcrumb\":{\"@id\":\"https:\\\/\\\/bigwhoop.fr\\\/interview-deep-worlds-sa\\\/#breadcrumb\"},\"inLanguage\":\"en-GB\",\"potentialAction\":[{\"@type\":\"ReadAction\",\"target\":[\"https:\\\/\\\/bigwhoop.fr\\\/interview-deep-worlds-sa\\\/\"]}]},{\"@type\":\"ImageObject\",\"inLanguage\":\"en-GB\",\"@id\":\"https:\\\/\\\/bigwhoop.fr\\\/interview-deep-worlds-sa\\\/#primaryimage\",\"url\":\"https:\\\/\\\/bigwhoop.fr\\\/wp-content\\\/uploads\\\/2023\\\/01\\\/Background-contact.png\",\"contentUrl\":\"https:\\\/\\\/bigwhoop.fr\\\/wp-content\\\/uploads\\\/2023\\\/01\\\/Background-contact.png\",\"width\":1480,\"height\":820},{\"@type\":\"BreadcrumbList\",\"@id\":\"https:\\\/\\\/bigwhoop.fr\\\/interview-deep-worlds-sa\\\/#breadcrumb\",\"itemListElement\":[{\"@type\":\"ListItem\",\"position\":1,\"name\":\"Accueil\",\"item\":\"https:\\\/\\\/bigwhoop.fr\\\/\"},{\"@type\":\"ListItem\",\"position\":2,\"name\":\"Interview Deep Worlds SA\"}]},{\"@type\":\"WebSite\",\"@id\":\"https:\\\/\\\/bigwhoop.fr\\\/#website\",\"url\":\"https:\\\/\\\/bigwhoop.fr\\\/\",\"name\":\"BigWhoop\",\"description\":\"Agence financement jeu vid\u00e9o - BigWhoop\",\"publisher\":{\"@id\":\"https:\\\/\\\/bigwhoop.fr\\\/#organization\"},\"potentialAction\":[{\"@type\":\"SearchAction\",\"target\":{\"@type\":\"EntryPoint\",\"urlTemplate\":\"https:\\\/\\\/bigwhoop.fr\\\/?s={search_term_string}\"},\"query-input\":{\"@type\":\"PropertyValueSpecification\",\"valueRequired\":true,\"valueName\":\"search_term_string\"}}],\"inLanguage\":\"en-GB\"},{\"@type\":\"Organization\",\"@id\":\"https:\\\/\\\/bigwhoop.fr\\\/#organization\",\"name\":\"BigWhoop\",\"url\":\"https:\\\/\\\/bigwhoop.fr\\\/\",\"logo\":{\"@type\":\"ImageObject\",\"inLanguage\":\"en-GB\",\"@id\":\"https:\\\/\\\/bigwhoop.fr\\\/#\\\/schema\\\/logo\\\/image\\\/\",\"url\":\"https:\\\/\\\/bigwhoop.fr\\\/wp-content\\\/uploads\\\/2023\\\/01\\\/logo-bigwhoop.png\",\"contentUrl\":\"https:\\\/\\\/bigwhoop.fr\\\/wp-content\\\/uploads\\\/2023\\\/01\\\/logo-bigwhoop.png\",\"width\":1600,\"height\":1274,\"caption\":\"BigWhoop\"},\"image\":{\"@id\":\"https:\\\/\\\/bigwhoop.fr\\\/#\\\/schema\\\/logo\\\/image\\\/\"},\"sameAs\":[\"https:\\\/\\\/fr.linkedin.com\\\/company\\\/bigwhoop\"]}]}<\/script>\n<!-- \/ Yoast SEO plugin. -->","yoast_head_json":{"title":"Interview Deep Worlds SA - BigWhoop","robots":{"index":"index","follow":"follow","max-snippet":"max-snippet:-1","max-image-preview":"max-image-preview:large","max-video-preview":"max-video-preview:-1"},"canonical":"https:\/\/bigwhoop.fr\/en\/interview-deep-worlds-sa\/","og_locale":"en_GB","og_type":"article","og_title":"Interview Deep Worlds SA - BigWhoop","og_description":"&nbsp; Pouvez-vous pr\u00e9senter Deep Worlds studio ? Nous sommes un studio de d\u00e9veloppement Suisse sp\u00e9cialis\u00e9 dans la cr\u00e9ation d\u2019univers immersifs et innovants. Comment avez-vous connu BigWhoop ? J\u2019ai rencontr\u00e9 son CEO au d\u00e9tour d\u2019une bataille dans un MMORPG. Comment \u00e9valuez-vous l\u2019effort que vous avez d\u00fb fournir afin d\u2019aider BigWhoop \u00e0 effectuer l\u2019\u00e9tude de march\u00e9 ? [&hellip;]","og_url":"https:\/\/bigwhoop.fr\/en\/interview-deep-worlds-sa\/","og_site_name":"BigWhoop","article_modified_time":"2025-01-27T12:34:00+00:00","og_image":[{"width":1480,"height":820,"url":"https:\/\/bigwhoop.fr\/wp-content\/uploads\/2023\/01\/Background-contact.png","type":"image\/png"}],"twitter_card":"summary_large_image","twitter_misc":{"Estimated reading time":"2 minutes"},"schema":{"@context":"https:\/\/schema.org","@graph":[{"@type":"WebPage","@id":"https:\/\/bigwhoop.fr\/interview-deep-worlds-sa\/","url":"https:\/\/bigwhoop.fr\/interview-deep-worlds-sa\/","name":"Interview Deep Worlds SA - BigWhoop","isPartOf":{"@id":"https:\/\/bigwhoop.fr\/#website"},"primaryImageOfPage":{"@id":"https:\/\/bigwhoop.fr\/interview-deep-worlds-sa\/#primaryimage"},"image":{"@id":"https:\/\/bigwhoop.fr\/interview-deep-worlds-sa\/#primaryimage"},"thumbnailUrl":"https:\/\/bigwhoop.fr\/wp-content\/uploads\/2023\/01\/Background-contact.png","datePublished":"2023-02-02T09:40:38+00:00","dateModified":"2025-01-27T12:34:00+00:00","breadcrumb":{"@id":"https:\/\/bigwhoop.fr\/interview-deep-worlds-sa\/#breadcrumb"},"inLanguage":"en-GB","potentialAction":[{"@type":"ReadAction","target":["https:\/\/bigwhoop.fr\/interview-deep-worlds-sa\/"]}]},{"@type":"ImageObject","inLanguage":"en-GB","@id":"https:\/\/bigwhoop.fr\/interview-deep-worlds-sa\/#primaryimage","url":"https:\/\/bigwhoop.fr\/wp-content\/uploads\/2023\/01\/Background-contact.png","contentUrl":"https:\/\/bigwhoop.fr\/wp-content\/uploads\/2023\/01\/Background-contact.png","width":1480,"height":820},{"@type":"BreadcrumbList","@id":"https:\/\/bigwhoop.fr\/interview-deep-worlds-sa\/#breadcrumb","itemListElement":[{"@type":"ListItem","position":1,"name":"Accueil","item":"https:\/\/bigwhoop.fr\/"},{"@type":"ListItem","position":2,"name":"Interview Deep Worlds SA"}]},{"@type":"WebSite","@id":"https:\/\/bigwhoop.fr\/#website","url":"https:\/\/bigwhoop.fr\/","name":"BigWhoop","description":"Agence financement jeu vid\u00e9o - BigWhoop","publisher":{"@id":"https:\/\/bigwhoop.fr\/#organization"},"potentialAction":[{"@type":"SearchAction","target":{"@type":"EntryPoint","urlTemplate":"https:\/\/bigwhoop.fr\/?s={search_term_string}"},"query-input":{"@type":"PropertyValueSpecification","valueRequired":true,"valueName":"search_term_string"}}],"inLanguage":"en-GB"},{"@type":"Organization","@id":"https:\/\/bigwhoop.fr\/#organization","name":"BigWhoop","url":"https:\/\/bigwhoop.fr\/","logo":{"@type":"ImageObject","inLanguage":"en-GB","@id":"https:\/\/bigwhoop.fr\/#\/schema\/logo\/image\/","url":"https:\/\/bigwhoop.fr\/wp-content\/uploads\/2023\/01\/logo-bigwhoop.png","contentUrl":"https:\/\/bigwhoop.fr\/wp-content\/uploads\/2023\/01\/logo-bigwhoop.png","width":1600,"height":1274,"caption":"BigWhoop"},"image":{"@id":"https:\/\/bigwhoop.fr\/#\/schema\/logo\/image\/"},"sameAs":["https:\/\/fr.linkedin.com\/company\/bigwhoop"]}]}},"_links":{"self":[{"href":"https:\/\/bigwhoop.fr\/en\/wp-json\/wp\/v2\/pages\/446","targetHints":{"allow":["GET"]}}],"collection":[{"href":"https:\/\/bigwhoop.fr\/en\/wp-json\/wp\/v2\/pages"}],"about":[{"href":"https:\/\/bigwhoop.fr\/en\/wp-json\/wp\/v2\/types\/page"}],"author":[{"embeddable":true,"href":"https:\/\/bigwhoop.fr\/en\/wp-json\/wp\/v2\/users\/3"}],"replies":[{"embeddable":true,"href":"https:\/\/bigwhoop.fr\/en\/wp-json\/wp\/v2\/comments?post=446"}],"version-history":[{"count":16,"href":"https:\/\/bigwhoop.fr\/en\/wp-json\/wp\/v2\/pages\/446\/revisions"}],"predecessor-version":[{"id":631,"href":"https:\/\/bigwhoop.fr\/en\/wp-json\/wp\/v2\/pages\/446\/revisions\/631"}],"wp:featuredmedia":[{"embeddable":true,"href":"https:\/\/bigwhoop.fr\/en\/wp-json\/wp\/v2\/media\/157"}],"wp:attachment":[{"href":"https:\/\/bigwhoop.fr\/en\/wp-json\/wp\/v2\/media?parent=446"}],"curies":[{"name":"wp","href":"https:\/\/api.w.org\/{rel}","templated":true}]}}