{"id":454,"date":"2023-02-02T10:48:04","date_gmt":"2023-02-02T09:48:04","guid":{"rendered":"https:\/\/bigwhoop.fr\/?page_id=454"},"modified":"2025-01-27T13:34:44","modified_gmt":"2025-01-27T12:34:44","slug":"interview-toco","status":"publish","type":"page","link":"https:\/\/bigwhoop.fr\/en\/interview-toco\/","title":{"rendered":"Interview Toco"},"content":{"rendered":"<p>&nbsp;<\/p>\n<p><strong>Can you introduce yourself and the Toco studio?<\/strong><br \/>\nToco is a small PC and console game development studio in Rennes, currently in pre-production on its first title.<\/p>\n<p><strong>How did you hear about BigWhoop?<\/strong><br \/>\nBigWhoop was recommended to us by a friend.<\/p>\n<p><strong>How would you rate the effort you had to put in to help BigWhoop with the market research?<\/strong><br \/>\nWe took part in several meetings to share our vision of the game with BigWhoop :<br \/>\nIterate and validate the various stages of the process, then produce video content that can be presented to the public and visuals to dress up a website.<\/p>\n<p><strong>Were you satisfied with the work and support provided by BigWhoop?<\/strong><br \/>\nYes, serious work and good pedagogy on their approach and the results of the study.<\/p>\n<p><strong>What did the market research actually do for you?<\/strong><br \/>\nIt enabled us to quickly measure the effectiveness of the game's USPs with a wide audience.<br \/>\nWe were thus able to validate the strengths and weaknesses of the proposal and define possible areas of improvement for the game.<br \/>\n(reinforcement of certain USPs, re-evaluation of the production budget and the price of the game in relation to the estimated acquisition cost).<br \/>\nIt was also very informative on how to evaluate your game to the public on social networks.<\/p>\n<p><strong>Would you recommend BigWhoop to other companies?<\/strong><br \/>\nYes, without hesitation!<\/p>\n<p>&nbsp;<\/p>","protected":false},"excerpt":{"rendered":"<p>&nbsp; Pouvez-vous vous pr\u00e9senter ainsi que le studio Toco ? Toco est un petit studio de d\u00e9veloppement de jeux vid\u00e9o PC et consoles \u00e0 Rennes, actuellement en pr\u00e9production sur son premier titre. Comment avez-vous connu BigWhoop ? BigWhoop nous a \u00e9t\u00e9 recommand\u00e9 par un ami. Comment \u00e9valuez-vous l\u2019effort que vous avez d\u00fb fournir afin d\u2019aider [&hellip;]<\/p>\n","protected":false},"author":3,"featured_media":157,"parent":0,"menu_order":0,"comment_status":"closed","ping_status":"closed","template":"","meta":{"footnotes":""},"class_list":["post-454","page","type-page","status-publish","has-post-thumbnail","hentry"],"yoast_head":"<!-- This site is optimized with the Yoast SEO plugin v27.4 - https:\/\/yoast.com\/product\/yoast-seo-wordpress\/ -->\n<title>Interview Toco - BigWhoop<\/title>\n<meta name=\"robots\" content=\"index, follow, max-snippet:-1, max-image-preview:large, max-video-preview:-1\" \/>\n<link rel=\"canonical\" href=\"https:\/\/bigwhoop.fr\/en\/interview-toco\/\" \/>\n<meta property=\"og:locale\" content=\"en_GB\" \/>\n<meta property=\"og:type\" content=\"article\" \/>\n<meta property=\"og:title\" content=\"Interview Toco - BigWhoop\" \/>\n<meta property=\"og:description\" content=\"&nbsp; Pouvez-vous vous pr\u00e9senter ainsi que le studio Toco ? Toco est un petit studio de d\u00e9veloppement de jeux vid\u00e9o PC et consoles \u00e0 Rennes, actuellement en pr\u00e9production sur son premier titre. Comment avez-vous connu BigWhoop ? BigWhoop nous a \u00e9t\u00e9 recommand\u00e9 par un ami. Comment \u00e9valuez-vous l\u2019effort que vous avez d\u00fb fournir afin d\u2019aider [&hellip;]\" \/>\n<meta property=\"og:url\" content=\"https:\/\/bigwhoop.fr\/en\/interview-toco\/\" \/>\n<meta property=\"og:site_name\" content=\"BigWhoop\" \/>\n<meta property=\"article:modified_time\" content=\"2025-01-27T12:34:44+00:00\" \/>\n<meta property=\"og:image\" content=\"https:\/\/bigwhoop.fr\/wp-content\/uploads\/2023\/01\/Background-contact.png\" \/>\n\t<meta property=\"og:image:width\" content=\"1480\" \/>\n\t<meta property=\"og:image:height\" content=\"820\" \/>\n\t<meta property=\"og:image:type\" content=\"image\/png\" \/>\n<meta name=\"twitter:card\" content=\"summary_large_image\" \/>\n<meta name=\"twitter:label1\" content=\"Estimated reading time\" \/>\n\t<meta name=\"twitter:data1\" content=\"2 minutes\" \/>\n<script type=\"application\/ld+json\" class=\"yoast-schema-graph\">{\"@context\":\"https:\\\/\\\/schema.org\",\"@graph\":[{\"@type\":\"WebPage\",\"@id\":\"https:\\\/\\\/bigwhoop.fr\\\/interview-toco\\\/\",\"url\":\"https:\\\/\\\/bigwhoop.fr\\\/interview-toco\\\/\",\"name\":\"Interview Toco - BigWhoop\",\"isPartOf\":{\"@id\":\"https:\\\/\\\/bigwhoop.fr\\\/#website\"},\"primaryImageOfPage\":{\"@id\":\"https:\\\/\\\/bigwhoop.fr\\\/interview-toco\\\/#primaryimage\"},\"image\":{\"@id\":\"https:\\\/\\\/bigwhoop.fr\\\/interview-toco\\\/#primaryimage\"},\"thumbnailUrl\":\"https:\\\/\\\/bigwhoop.fr\\\/wp-content\\\/uploads\\\/2023\\\/01\\\/Background-contact.png\",\"datePublished\":\"2023-02-02T09:48:04+00:00\",\"dateModified\":\"2025-01-27T12:34:44+00:00\",\"breadcrumb\":{\"@id\":\"https:\\\/\\\/bigwhoop.fr\\\/interview-toco\\\/#breadcrumb\"},\"inLanguage\":\"en-GB\",\"potentialAction\":[{\"@type\":\"ReadAction\",\"target\":[\"https:\\\/\\\/bigwhoop.fr\\\/interview-toco\\\/\"]}]},{\"@type\":\"ImageObject\",\"inLanguage\":\"en-GB\",\"@id\":\"https:\\\/\\\/bigwhoop.fr\\\/interview-toco\\\/#primaryimage\",\"url\":\"https:\\\/\\\/bigwhoop.fr\\\/wp-content\\\/uploads\\\/2023\\\/01\\\/Background-contact.png\",\"contentUrl\":\"https:\\\/\\\/bigwhoop.fr\\\/wp-content\\\/uploads\\\/2023\\\/01\\\/Background-contact.png\",\"width\":1480,\"height\":820},{\"@type\":\"BreadcrumbList\",\"@id\":\"https:\\\/\\\/bigwhoop.fr\\\/interview-toco\\\/#breadcrumb\",\"itemListElement\":[{\"@type\":\"ListItem\",\"position\":1,\"name\":\"Accueil\",\"item\":\"https:\\\/\\\/bigwhoop.fr\\\/\"},{\"@type\":\"ListItem\",\"position\":2,\"name\":\"Interview Toco\"}]},{\"@type\":\"WebSite\",\"@id\":\"https:\\\/\\\/bigwhoop.fr\\\/#website\",\"url\":\"https:\\\/\\\/bigwhoop.fr\\\/\",\"name\":\"BigWhoop\",\"description\":\"Agence financement jeu vid\u00e9o - BigWhoop\",\"publisher\":{\"@id\":\"https:\\\/\\\/bigwhoop.fr\\\/#organization\"},\"potentialAction\":[{\"@type\":\"SearchAction\",\"target\":{\"@type\":\"EntryPoint\",\"urlTemplate\":\"https:\\\/\\\/bigwhoop.fr\\\/?s={search_term_string}\"},\"query-input\":{\"@type\":\"PropertyValueSpecification\",\"valueRequired\":true,\"valueName\":\"search_term_string\"}}],\"inLanguage\":\"en-GB\"},{\"@type\":\"Organization\",\"@id\":\"https:\\\/\\\/bigwhoop.fr\\\/#organization\",\"name\":\"BigWhoop\",\"url\":\"https:\\\/\\\/bigwhoop.fr\\\/\",\"logo\":{\"@type\":\"ImageObject\",\"inLanguage\":\"en-GB\",\"@id\":\"https:\\\/\\\/bigwhoop.fr\\\/#\\\/schema\\\/logo\\\/image\\\/\",\"url\":\"https:\\\/\\\/bigwhoop.fr\\\/wp-content\\\/uploads\\\/2023\\\/01\\\/logo-bigwhoop.png\",\"contentUrl\":\"https:\\\/\\\/bigwhoop.fr\\\/wp-content\\\/uploads\\\/2023\\\/01\\\/logo-bigwhoop.png\",\"width\":1600,\"height\":1274,\"caption\":\"BigWhoop\"},\"image\":{\"@id\":\"https:\\\/\\\/bigwhoop.fr\\\/#\\\/schema\\\/logo\\\/image\\\/\"},\"sameAs\":[\"https:\\\/\\\/fr.linkedin.com\\\/company\\\/bigwhoop\"]}]}<\/script>\n<!-- \/ Yoast SEO plugin. -->","yoast_head_json":{"title":"Interview Toco - BigWhoop","robots":{"index":"index","follow":"follow","max-snippet":"max-snippet:-1","max-image-preview":"max-image-preview:large","max-video-preview":"max-video-preview:-1"},"canonical":"https:\/\/bigwhoop.fr\/en\/interview-toco\/","og_locale":"en_GB","og_type":"article","og_title":"Interview Toco - BigWhoop","og_description":"&nbsp; Pouvez-vous vous pr\u00e9senter ainsi que le studio Toco ? Toco est un petit studio de d\u00e9veloppement de jeux vid\u00e9o PC et consoles \u00e0 Rennes, actuellement en pr\u00e9production sur son premier titre. Comment avez-vous connu BigWhoop ? BigWhoop nous a \u00e9t\u00e9 recommand\u00e9 par un ami. Comment \u00e9valuez-vous l\u2019effort que vous avez d\u00fb fournir afin d\u2019aider [&hellip;]","og_url":"https:\/\/bigwhoop.fr\/en\/interview-toco\/","og_site_name":"BigWhoop","article_modified_time":"2025-01-27T12:34:44+00:00","og_image":[{"width":1480,"height":820,"url":"https:\/\/bigwhoop.fr\/wp-content\/uploads\/2023\/01\/Background-contact.png","type":"image\/png"}],"twitter_card":"summary_large_image","twitter_misc":{"Estimated reading time":"2 minutes"},"schema":{"@context":"https:\/\/schema.org","@graph":[{"@type":"WebPage","@id":"https:\/\/bigwhoop.fr\/interview-toco\/","url":"https:\/\/bigwhoop.fr\/interview-toco\/","name":"Interview Toco - BigWhoop","isPartOf":{"@id":"https:\/\/bigwhoop.fr\/#website"},"primaryImageOfPage":{"@id":"https:\/\/bigwhoop.fr\/interview-toco\/#primaryimage"},"image":{"@id":"https:\/\/bigwhoop.fr\/interview-toco\/#primaryimage"},"thumbnailUrl":"https:\/\/bigwhoop.fr\/wp-content\/uploads\/2023\/01\/Background-contact.png","datePublished":"2023-02-02T09:48:04+00:00","dateModified":"2025-01-27T12:34:44+00:00","breadcrumb":{"@id":"https:\/\/bigwhoop.fr\/interview-toco\/#breadcrumb"},"inLanguage":"en-GB","potentialAction":[{"@type":"ReadAction","target":["https:\/\/bigwhoop.fr\/interview-toco\/"]}]},{"@type":"ImageObject","inLanguage":"en-GB","@id":"https:\/\/bigwhoop.fr\/interview-toco\/#primaryimage","url":"https:\/\/bigwhoop.fr\/wp-content\/uploads\/2023\/01\/Background-contact.png","contentUrl":"https:\/\/bigwhoop.fr\/wp-content\/uploads\/2023\/01\/Background-contact.png","width":1480,"height":820},{"@type":"BreadcrumbList","@id":"https:\/\/bigwhoop.fr\/interview-toco\/#breadcrumb","itemListElement":[{"@type":"ListItem","position":1,"name":"Accueil","item":"https:\/\/bigwhoop.fr\/"},{"@type":"ListItem","position":2,"name":"Interview Toco"}]},{"@type":"WebSite","@id":"https:\/\/bigwhoop.fr\/#website","url":"https:\/\/bigwhoop.fr\/","name":"BigWhoop","description":"Agence financement jeu vid\u00e9o - BigWhoop","publisher":{"@id":"https:\/\/bigwhoop.fr\/#organization"},"potentialAction":[{"@type":"SearchAction","target":{"@type":"EntryPoint","urlTemplate":"https:\/\/bigwhoop.fr\/?s={search_term_string}"},"query-input":{"@type":"PropertyValueSpecification","valueRequired":true,"valueName":"search_term_string"}}],"inLanguage":"en-GB"},{"@type":"Organization","@id":"https:\/\/bigwhoop.fr\/#organization","name":"BigWhoop","url":"https:\/\/bigwhoop.fr\/","logo":{"@type":"ImageObject","inLanguage":"en-GB","@id":"https:\/\/bigwhoop.fr\/#\/schema\/logo\/image\/","url":"https:\/\/bigwhoop.fr\/wp-content\/uploads\/2023\/01\/logo-bigwhoop.png","contentUrl":"https:\/\/bigwhoop.fr\/wp-content\/uploads\/2023\/01\/logo-bigwhoop.png","width":1600,"height":1274,"caption":"BigWhoop"},"image":{"@id":"https:\/\/bigwhoop.fr\/#\/schema\/logo\/image\/"},"sameAs":["https:\/\/fr.linkedin.com\/company\/bigwhoop"]}]}},"_links":{"self":[{"href":"https:\/\/bigwhoop.fr\/en\/wp-json\/wp\/v2\/pages\/454","targetHints":{"allow":["GET"]}}],"collection":[{"href":"https:\/\/bigwhoop.fr\/en\/wp-json\/wp\/v2\/pages"}],"about":[{"href":"https:\/\/bigwhoop.fr\/en\/wp-json\/wp\/v2\/types\/page"}],"author":[{"embeddable":true,"href":"https:\/\/bigwhoop.fr\/en\/wp-json\/wp\/v2\/users\/3"}],"replies":[{"embeddable":true,"href":"https:\/\/bigwhoop.fr\/en\/wp-json\/wp\/v2\/comments?post=454"}],"version-history":[{"count":9,"href":"https:\/\/bigwhoop.fr\/en\/wp-json\/wp\/v2\/pages\/454\/revisions"}],"predecessor-version":[{"id":633,"href":"https:\/\/bigwhoop.fr\/en\/wp-json\/wp\/v2\/pages\/454\/revisions\/633"}],"wp:featuredmedia":[{"embeddable":true,"href":"https:\/\/bigwhoop.fr\/en\/wp-json\/wp\/v2\/media\/157"}],"wp:attachment":[{"href":"https:\/\/bigwhoop.fr\/en\/wp-json\/wp\/v2\/media?parent=454"}],"curies":[{"name":"wp","href":"https:\/\/api.w.org\/{rel}","templated":true}]}}