{"id":648,"date":"2025-09-15T16:09:24","date_gmt":"2025-09-15T14:09:24","guid":{"rendered":"https:\/\/bigwhoop.fr\/?page_id=648"},"modified":"2025-09-15T16:29:25","modified_gmt":"2025-09-15T14:29:25","slug":"interview-sunrise-flower-studio","status":"publish","type":"page","link":"https:\/\/bigwhoop.fr\/en\/interview-sunrise-flower-studio\/","title":{"rendered":"Interview Sunrise Flower Studio"},"content":{"rendered":"<p>&nbsp;<\/p>\n<p><strong><b>Could you introduce yourself and Sunrise Flower Studio?<\/b><\/strong><br \/>\n<span style=\"font-weight: 400;\">I am Antoine Adoul, co-founder and producer of Sunrise Flower Studio, a studio founded by four young friends passionate about video game development with the aim of creating our first commercial game.<\/span><\/p>\n<p><strong>How did you hear about BigWhoop?<\/strong><br \/>\nI discovered BigWhoop through a simple internet search. I was looking for resources and assistance to best develop our project: business plan, market research, public and private funding applications.<\/p>\n<p><strong>How would you rate the effort you had to put in to help BigWhoop with the market research?<\/strong><br \/>\n\u201cModerate\u201d in that we produced three demonstration videos of the game, which proved to be an important and interesting step in the middle of our pre-production.<br \/>\nAll interactions and exchanges were very easy, whether in writing via Discord or verbally via videoconference.<\/p>\n<p><strong>Were you satisfied with the work and support provided by BigWhoop?<\/strong><br \/>\n<span style=\"font-weight: 400;\">Yes, very satisfied. The support even exceeded most of my expectations, where professional relationships and exchanges in the world of entrepreneurship and video games can be quite cold and distant.<\/span><\/p>\n<p><span style=\"font-weight: 400;\">Very pleasantly surprised by the possibility of adjusting and postponing certain deadlines to accommodate our production. Always very useful on our side to help balance progress on market research versus progress on production.<\/span><\/p>\n<p><strong>What did the market research actually do for you?<\/strong><br \/>\n<span style=\"font-weight: 400;\">A better understanding of our target audience and how we should prepare and anticipate communication. In our case, focusing more directly on playable demos.<\/span><\/p>\n<p><span style=\"font-weight: 400;\">We also understand our strengths and that we have a good hand to play when it comes to promoting our game on a number of networks (YouTube in particular, in our case).<\/span><\/p>\n<p><span style=\"font-weight: 400;\">I also hope that the positive elements highlighted by the market research will help us to lend credibility to our profile and our case to public and private investors, our main obstacle being our novice profile: we do not have any famous projects to our credit to highlight, nor do we have an established community.<\/span><\/p>\n<p><strong><b>Is there anything BigWhoop can improve regarding the service provided <\/b>?<\/strong><br \/>\n<span style=\"font-weight: 400;\">Hard to say<\/span>.<\/p>\n<p><strong>Would you recommend BigWhoop to other companies?<\/strong><br \/>\nYes.<\/p>\n<p>&nbsp;<\/p>","protected":false},"excerpt":{"rendered":"<p>&nbsp; Pouvez-vous vous pr\u00e9senter et pr\u00e9senter Sunrise Flower Studio ? Je suis Antoine Adoul, cofondateur et producer de Sunrise Flower Studio, un studio fond\u00e9 par 4 jeunes amis passionn\u00e9s par le d\u00e9veloppement de jeux vid\u00e9o ayant pour but de cr\u00e9er notre premier jeu commercial. Comment avez-vous connu BigWhoop ? J\u2019ai d\u00e9couvert BigWhoop via une simple [&hellip;]<\/p>\n","protected":false},"author":3,"featured_media":157,"parent":0,"menu_order":0,"comment_status":"closed","ping_status":"closed","template":"","meta":{"footnotes":""},"class_list":["post-648","page","type-page","status-publish","has-post-thumbnail","hentry"],"yoast_head":"<!-- This site is optimized with the Yoast SEO plugin v27.4 - https:\/\/yoast.com\/product\/yoast-seo-wordpress\/ -->\n<title>Interview Sunrise Flower Studio - BigWhoop<\/title>\n<meta name=\"robots\" content=\"index, follow, max-snippet:-1, max-image-preview:large, max-video-preview:-1\" \/>\n<link rel=\"canonical\" href=\"https:\/\/bigwhoop.fr\/en\/interview-sunrise-flower-studio\/\" \/>\n<meta property=\"og:locale\" content=\"en_GB\" \/>\n<meta property=\"og:type\" content=\"article\" \/>\n<meta property=\"og:title\" content=\"Interview Sunrise Flower Studio - BigWhoop\" \/>\n<meta property=\"og:description\" content=\"&nbsp; Pouvez-vous vous pr\u00e9senter et pr\u00e9senter Sunrise Flower Studio ? Je suis Antoine Adoul, cofondateur et producer de Sunrise Flower Studio, un studio fond\u00e9 par 4 jeunes amis passionn\u00e9s par le d\u00e9veloppement de jeux vid\u00e9o ayant pour but de cr\u00e9er notre premier jeu commercial. Comment avez-vous connu BigWhoop ? J\u2019ai d\u00e9couvert BigWhoop via une simple [&hellip;]\" \/>\n<meta property=\"og:url\" content=\"https:\/\/bigwhoop.fr\/en\/interview-sunrise-flower-studio\/\" \/>\n<meta property=\"og:site_name\" content=\"BigWhoop\" \/>\n<meta property=\"article:modified_time\" content=\"2025-09-15T14:29:25+00:00\" \/>\n<meta property=\"og:image\" content=\"https:\/\/bigwhoop.fr\/wp-content\/uploads\/2023\/01\/Background-contact.png\" \/>\n\t<meta property=\"og:image:width\" content=\"1480\" \/>\n\t<meta property=\"og:image:height\" content=\"820\" \/>\n\t<meta property=\"og:image:type\" content=\"image\/png\" \/>\n<meta name=\"twitter:card\" content=\"summary_large_image\" \/>\n<meta name=\"twitter:label1\" content=\"Estimated reading time\" \/>\n\t<meta name=\"twitter:data1\" content=\"3 minutes\" \/>\n<script type=\"application\/ld+json\" class=\"yoast-schema-graph\">{\"@context\":\"https:\\\/\\\/schema.org\",\"@graph\":[{\"@type\":\"WebPage\",\"@id\":\"https:\\\/\\\/bigwhoop.fr\\\/interview-sunrise-flower-studio\\\/\",\"url\":\"https:\\\/\\\/bigwhoop.fr\\\/interview-sunrise-flower-studio\\\/\",\"name\":\"Interview Sunrise Flower Studio - BigWhoop\",\"isPartOf\":{\"@id\":\"https:\\\/\\\/bigwhoop.fr\\\/#website\"},\"primaryImageOfPage\":{\"@id\":\"https:\\\/\\\/bigwhoop.fr\\\/interview-sunrise-flower-studio\\\/#primaryimage\"},\"image\":{\"@id\":\"https:\\\/\\\/bigwhoop.fr\\\/interview-sunrise-flower-studio\\\/#primaryimage\"},\"thumbnailUrl\":\"https:\\\/\\\/bigwhoop.fr\\\/wp-content\\\/uploads\\\/2023\\\/01\\\/Background-contact.png\",\"datePublished\":\"2025-09-15T14:09:24+00:00\",\"dateModified\":\"2025-09-15T14:29:25+00:00\",\"breadcrumb\":{\"@id\":\"https:\\\/\\\/bigwhoop.fr\\\/interview-sunrise-flower-studio\\\/#breadcrumb\"},\"inLanguage\":\"en-GB\",\"potentialAction\":[{\"@type\":\"ReadAction\",\"target\":[\"https:\\\/\\\/bigwhoop.fr\\\/interview-sunrise-flower-studio\\\/\"]}]},{\"@type\":\"ImageObject\",\"inLanguage\":\"en-GB\",\"@id\":\"https:\\\/\\\/bigwhoop.fr\\\/interview-sunrise-flower-studio\\\/#primaryimage\",\"url\":\"https:\\\/\\\/bigwhoop.fr\\\/wp-content\\\/uploads\\\/2023\\\/01\\\/Background-contact.png\",\"contentUrl\":\"https:\\\/\\\/bigwhoop.fr\\\/wp-content\\\/uploads\\\/2023\\\/01\\\/Background-contact.png\",\"width\":1480,\"height\":820},{\"@type\":\"BreadcrumbList\",\"@id\":\"https:\\\/\\\/bigwhoop.fr\\\/interview-sunrise-flower-studio\\\/#breadcrumb\",\"itemListElement\":[{\"@type\":\"ListItem\",\"position\":1,\"name\":\"Accueil\",\"item\":\"https:\\\/\\\/bigwhoop.fr\\\/\"},{\"@type\":\"ListItem\",\"position\":2,\"name\":\"Interview Sunrise Flower Studio\"}]},{\"@type\":\"WebSite\",\"@id\":\"https:\\\/\\\/bigwhoop.fr\\\/#website\",\"url\":\"https:\\\/\\\/bigwhoop.fr\\\/\",\"name\":\"BigWhoop\",\"description\":\"Agence financement jeu vid\u00e9o - BigWhoop\",\"publisher\":{\"@id\":\"https:\\\/\\\/bigwhoop.fr\\\/#organization\"},\"potentialAction\":[{\"@type\":\"SearchAction\",\"target\":{\"@type\":\"EntryPoint\",\"urlTemplate\":\"https:\\\/\\\/bigwhoop.fr\\\/?s={search_term_string}\"},\"query-input\":{\"@type\":\"PropertyValueSpecification\",\"valueRequired\":true,\"valueName\":\"search_term_string\"}}],\"inLanguage\":\"en-GB\"},{\"@type\":\"Organization\",\"@id\":\"https:\\\/\\\/bigwhoop.fr\\\/#organization\",\"name\":\"BigWhoop\",\"url\":\"https:\\\/\\\/bigwhoop.fr\\\/\",\"logo\":{\"@type\":\"ImageObject\",\"inLanguage\":\"en-GB\",\"@id\":\"https:\\\/\\\/bigwhoop.fr\\\/#\\\/schema\\\/logo\\\/image\\\/\",\"url\":\"https:\\\/\\\/bigwhoop.fr\\\/wp-content\\\/uploads\\\/2023\\\/01\\\/logo-bigwhoop.png\",\"contentUrl\":\"https:\\\/\\\/bigwhoop.fr\\\/wp-content\\\/uploads\\\/2023\\\/01\\\/logo-bigwhoop.png\",\"width\":1600,\"height\":1274,\"caption\":\"BigWhoop\"},\"image\":{\"@id\":\"https:\\\/\\\/bigwhoop.fr\\\/#\\\/schema\\\/logo\\\/image\\\/\"},\"sameAs\":[\"https:\\\/\\\/fr.linkedin.com\\\/company\\\/bigwhoop\"]}]}<\/script>\n<!-- \/ Yoast SEO plugin. -->","yoast_head_json":{"title":"Interview Sunrise Flower Studio - BigWhoop","robots":{"index":"index","follow":"follow","max-snippet":"max-snippet:-1","max-image-preview":"max-image-preview:large","max-video-preview":"max-video-preview:-1"},"canonical":"https:\/\/bigwhoop.fr\/en\/interview-sunrise-flower-studio\/","og_locale":"en_GB","og_type":"article","og_title":"Interview Sunrise Flower Studio - BigWhoop","og_description":"&nbsp; Pouvez-vous vous pr\u00e9senter et pr\u00e9senter Sunrise Flower Studio ? Je suis Antoine Adoul, cofondateur et producer de Sunrise Flower Studio, un studio fond\u00e9 par 4 jeunes amis passionn\u00e9s par le d\u00e9veloppement de jeux vid\u00e9o ayant pour but de cr\u00e9er notre premier jeu commercial. Comment avez-vous connu BigWhoop ? J\u2019ai d\u00e9couvert BigWhoop via une simple [&hellip;]","og_url":"https:\/\/bigwhoop.fr\/en\/interview-sunrise-flower-studio\/","og_site_name":"BigWhoop","article_modified_time":"2025-09-15T14:29:25+00:00","og_image":[{"width":1480,"height":820,"url":"https:\/\/bigwhoop.fr\/wp-content\/uploads\/2023\/01\/Background-contact.png","type":"image\/png"}],"twitter_card":"summary_large_image","twitter_misc":{"Estimated reading time":"3 minutes"},"schema":{"@context":"https:\/\/schema.org","@graph":[{"@type":"WebPage","@id":"https:\/\/bigwhoop.fr\/interview-sunrise-flower-studio\/","url":"https:\/\/bigwhoop.fr\/interview-sunrise-flower-studio\/","name":"Interview Sunrise Flower Studio - BigWhoop","isPartOf":{"@id":"https:\/\/bigwhoop.fr\/#website"},"primaryImageOfPage":{"@id":"https:\/\/bigwhoop.fr\/interview-sunrise-flower-studio\/#primaryimage"},"image":{"@id":"https:\/\/bigwhoop.fr\/interview-sunrise-flower-studio\/#primaryimage"},"thumbnailUrl":"https:\/\/bigwhoop.fr\/wp-content\/uploads\/2023\/01\/Background-contact.png","datePublished":"2025-09-15T14:09:24+00:00","dateModified":"2025-09-15T14:29:25+00:00","breadcrumb":{"@id":"https:\/\/bigwhoop.fr\/interview-sunrise-flower-studio\/#breadcrumb"},"inLanguage":"en-GB","potentialAction":[{"@type":"ReadAction","target":["https:\/\/bigwhoop.fr\/interview-sunrise-flower-studio\/"]}]},{"@type":"ImageObject","inLanguage":"en-GB","@id":"https:\/\/bigwhoop.fr\/interview-sunrise-flower-studio\/#primaryimage","url":"https:\/\/bigwhoop.fr\/wp-content\/uploads\/2023\/01\/Background-contact.png","contentUrl":"https:\/\/bigwhoop.fr\/wp-content\/uploads\/2023\/01\/Background-contact.png","width":1480,"height":820},{"@type":"BreadcrumbList","@id":"https:\/\/bigwhoop.fr\/interview-sunrise-flower-studio\/#breadcrumb","itemListElement":[{"@type":"ListItem","position":1,"name":"Accueil","item":"https:\/\/bigwhoop.fr\/"},{"@type":"ListItem","position":2,"name":"Interview Sunrise Flower Studio"}]},{"@type":"WebSite","@id":"https:\/\/bigwhoop.fr\/#website","url":"https:\/\/bigwhoop.fr\/","name":"BigWhoop","description":"Agence financement jeu vid\u00e9o - BigWhoop","publisher":{"@id":"https:\/\/bigwhoop.fr\/#organization"},"potentialAction":[{"@type":"SearchAction","target":{"@type":"EntryPoint","urlTemplate":"https:\/\/bigwhoop.fr\/?s={search_term_string}"},"query-input":{"@type":"PropertyValueSpecification","valueRequired":true,"valueName":"search_term_string"}}],"inLanguage":"en-GB"},{"@type":"Organization","@id":"https:\/\/bigwhoop.fr\/#organization","name":"BigWhoop","url":"https:\/\/bigwhoop.fr\/","logo":{"@type":"ImageObject","inLanguage":"en-GB","@id":"https:\/\/bigwhoop.fr\/#\/schema\/logo\/image\/","url":"https:\/\/bigwhoop.fr\/wp-content\/uploads\/2023\/01\/logo-bigwhoop.png","contentUrl":"https:\/\/bigwhoop.fr\/wp-content\/uploads\/2023\/01\/logo-bigwhoop.png","width":1600,"height":1274,"caption":"BigWhoop"},"image":{"@id":"https:\/\/bigwhoop.fr\/#\/schema\/logo\/image\/"},"sameAs":["https:\/\/fr.linkedin.com\/company\/bigwhoop"]}]}},"_links":{"self":[{"href":"https:\/\/bigwhoop.fr\/en\/wp-json\/wp\/v2\/pages\/648","targetHints":{"allow":["GET"]}}],"collection":[{"href":"https:\/\/bigwhoop.fr\/en\/wp-json\/wp\/v2\/pages"}],"about":[{"href":"https:\/\/bigwhoop.fr\/en\/wp-json\/wp\/v2\/types\/page"}],"author":[{"embeddable":true,"href":"https:\/\/bigwhoop.fr\/en\/wp-json\/wp\/v2\/users\/3"}],"replies":[{"embeddable":true,"href":"https:\/\/bigwhoop.fr\/en\/wp-json\/wp\/v2\/comments?post=648"}],"version-history":[{"count":2,"href":"https:\/\/bigwhoop.fr\/en\/wp-json\/wp\/v2\/pages\/648\/revisions"}],"predecessor-version":[{"id":653,"href":"https:\/\/bigwhoop.fr\/en\/wp-json\/wp\/v2\/pages\/648\/revisions\/653"}],"wp:featuredmedia":[{"embeddable":true,"href":"https:\/\/bigwhoop.fr\/en\/wp-json\/wp\/v2\/media\/157"}],"wp:attachment":[{"href":"https:\/\/bigwhoop.fr\/en\/wp-json\/wp\/v2\/media?parent=648"}],"curies":[{"name":"wp","href":"https:\/\/api.w.org\/{rel}","templated":true}]}}