{"id":673,"date":"2026-03-11T18:16:33","date_gmt":"2026-03-11T17:16:33","guid":{"rendered":"https:\/\/bigwhoop.fr\/?page_id=673"},"modified":"2026-03-11T18:16:33","modified_gmt":"2026-03-11T17:16:33","slug":"interview-elian-jeulin","status":"publish","type":"page","link":"https:\/\/bigwhoop.fr\/en\/interview-elian-jeulin\/","title":{"rendered":"Interview Elian Jeulin"},"content":{"rendered":"<p>&nbsp;<\/p>\n<p><strong>Could you introduce yourself and your project?<\/strong><br \/>\nMy name is Elian Jeulin, and I am a software development engineer. During our studies, we created an entrepreneurial project called Daidala. It was a horror game that used an original controller: the user's mobile phone, which served as a torch in the game. Our approach, carried out on a voluntary basis, was to create a demo to present to investors in order to continue the project after our studies.\n\nTranslated with DeepL.com (free version)<\/p>\n<p><strong>How did you hear about BigWhoop?<\/strong><br \/>\nThrough the Discord Abiding Bridge server, where BigWhoop had hosted a training session on financing his game.<\/p>\n<p><strong>Were you satisfied with the work and support provided by BigWhoop?<\/strong><br \/>\nVery satisfied: the team was always available and attentive.<\/p>\n<p><strong>Is there anything BigWhoop can do better?<\/strong><br \/>\nThe service is generally very well structured and clear.<\/p>\n<p><strong>Would you recommend BigWhoop to other companies?<\/strong><br \/>\nAbsolutely!<\/p>\n<p>&nbsp;<\/p>","protected":false},"excerpt":{"rendered":"<p>&nbsp; Pouvez-vous vous pr\u00e9senter et pr\u00e9senter votre projet ? Je m\u2019appelle Elian Jeulin, ing\u00e9nieur en d\u00e9veloppement logiciel. Pendant nos \u00e9tudes, nous avons cr\u00e9\u00e9 un projet entrepreneurial nomm\u00e9 Daidala. Il s\u2019agissait d\u2019un jeu d\u2019horreur utilisant un contr\u00f4leur original : le t\u00e9l\u00e9phone de l\u2019utilisateur, qui servait de lampe torche dans le jeu. Notre d\u00e9marche, men\u00e9e de mani\u00e8re [&hellip;]<\/p>\n","protected":false},"author":3,"featured_media":157,"parent":0,"menu_order":0,"comment_status":"closed","ping_status":"closed","template":"","meta":{"footnotes":""},"class_list":["post-673","page","type-page","status-publish","has-post-thumbnail","hentry"],"yoast_head":"<!-- This site is optimized with the Yoast SEO plugin v27.3 - https:\/\/yoast.com\/product\/yoast-seo-wordpress\/ -->\n<title>Interview Elian Jeulin - BigWhoop<\/title>\n<meta name=\"robots\" content=\"index, follow, max-snippet:-1, max-image-preview:large, max-video-preview:-1\" \/>\n<link rel=\"canonical\" href=\"https:\/\/bigwhoop.fr\/en\/interview-elian-jeulin\/\" \/>\n<meta property=\"og:locale\" content=\"en_GB\" \/>\n<meta property=\"og:type\" content=\"article\" \/>\n<meta property=\"og:title\" content=\"Interview Elian Jeulin - BigWhoop\" \/>\n<meta property=\"og:description\" content=\"&nbsp; Pouvez-vous vous pr\u00e9senter et pr\u00e9senter votre projet ? Je m\u2019appelle Elian Jeulin, ing\u00e9nieur en d\u00e9veloppement logiciel. Pendant nos \u00e9tudes, nous avons cr\u00e9\u00e9 un projet entrepreneurial nomm\u00e9 Daidala. Il s\u2019agissait d\u2019un jeu d\u2019horreur utilisant un contr\u00f4leur original : le t\u00e9l\u00e9phone de l\u2019utilisateur, qui servait de lampe torche dans le jeu. Notre d\u00e9marche, men\u00e9e de mani\u00e8re [&hellip;]\" \/>\n<meta property=\"og:url\" content=\"https:\/\/bigwhoop.fr\/en\/interview-elian-jeulin\/\" \/>\n<meta property=\"og:site_name\" content=\"BigWhoop\" \/>\n<meta property=\"og:image\" content=\"https:\/\/bigwhoop.fr\/wp-content\/uploads\/2023\/01\/Background-contact.png\" \/>\n\t<meta property=\"og:image:width\" content=\"1480\" \/>\n\t<meta property=\"og:image:height\" content=\"820\" \/>\n\t<meta property=\"og:image:type\" content=\"image\/png\" \/>\n<meta name=\"twitter:card\" content=\"summary_large_image\" \/>\n<meta name=\"twitter:label1\" content=\"Estimated reading time\" \/>\n\t<meta name=\"twitter:data1\" content=\"1 minute\" \/>\n<script type=\"application\/ld+json\" class=\"yoast-schema-graph\">{\"@context\":\"https:\\\/\\\/schema.org\",\"@graph\":[{\"@type\":\"WebPage\",\"@id\":\"https:\\\/\\\/bigwhoop.fr\\\/interview-elian-jeulin\\\/\",\"url\":\"https:\\\/\\\/bigwhoop.fr\\\/interview-elian-jeulin\\\/\",\"name\":\"Interview Elian Jeulin - BigWhoop\",\"isPartOf\":{\"@id\":\"https:\\\/\\\/bigwhoop.fr\\\/#website\"},\"primaryImageOfPage\":{\"@id\":\"https:\\\/\\\/bigwhoop.fr\\\/interview-elian-jeulin\\\/#primaryimage\"},\"image\":{\"@id\":\"https:\\\/\\\/bigwhoop.fr\\\/interview-elian-jeulin\\\/#primaryimage\"},\"thumbnailUrl\":\"https:\\\/\\\/bigwhoop.fr\\\/wp-content\\\/uploads\\\/2023\\\/01\\\/Background-contact.png\",\"datePublished\":\"2026-03-11T17:16:33+00:00\",\"breadcrumb\":{\"@id\":\"https:\\\/\\\/bigwhoop.fr\\\/interview-elian-jeulin\\\/#breadcrumb\"},\"inLanguage\":\"en-GB\",\"potentialAction\":[{\"@type\":\"ReadAction\",\"target\":[\"https:\\\/\\\/bigwhoop.fr\\\/interview-elian-jeulin\\\/\"]}]},{\"@type\":\"ImageObject\",\"inLanguage\":\"en-GB\",\"@id\":\"https:\\\/\\\/bigwhoop.fr\\\/interview-elian-jeulin\\\/#primaryimage\",\"url\":\"https:\\\/\\\/bigwhoop.fr\\\/wp-content\\\/uploads\\\/2023\\\/01\\\/Background-contact.png\",\"contentUrl\":\"https:\\\/\\\/bigwhoop.fr\\\/wp-content\\\/uploads\\\/2023\\\/01\\\/Background-contact.png\",\"width\":1480,\"height\":820},{\"@type\":\"BreadcrumbList\",\"@id\":\"https:\\\/\\\/bigwhoop.fr\\\/interview-elian-jeulin\\\/#breadcrumb\",\"itemListElement\":[{\"@type\":\"ListItem\",\"position\":1,\"name\":\"Accueil\",\"item\":\"https:\\\/\\\/bigwhoop.fr\\\/\"},{\"@type\":\"ListItem\",\"position\":2,\"name\":\"Interview Elian Jeulin\"}]},{\"@type\":\"WebSite\",\"@id\":\"https:\\\/\\\/bigwhoop.fr\\\/#website\",\"url\":\"https:\\\/\\\/bigwhoop.fr\\\/\",\"name\":\"BigWhoop\",\"description\":\"Agence financement jeu vid\u00e9o - BigWhoop\",\"publisher\":{\"@id\":\"https:\\\/\\\/bigwhoop.fr\\\/#organization\"},\"potentialAction\":[{\"@type\":\"SearchAction\",\"target\":{\"@type\":\"EntryPoint\",\"urlTemplate\":\"https:\\\/\\\/bigwhoop.fr\\\/?s={search_term_string}\"},\"query-input\":{\"@type\":\"PropertyValueSpecification\",\"valueRequired\":true,\"valueName\":\"search_term_string\"}}],\"inLanguage\":\"en-GB\"},{\"@type\":\"Organization\",\"@id\":\"https:\\\/\\\/bigwhoop.fr\\\/#organization\",\"name\":\"BigWhoop\",\"url\":\"https:\\\/\\\/bigwhoop.fr\\\/\",\"logo\":{\"@type\":\"ImageObject\",\"inLanguage\":\"en-GB\",\"@id\":\"https:\\\/\\\/bigwhoop.fr\\\/#\\\/schema\\\/logo\\\/image\\\/\",\"url\":\"https:\\\/\\\/bigwhoop.fr\\\/wp-content\\\/uploads\\\/2023\\\/01\\\/logo-bigwhoop.png\",\"contentUrl\":\"https:\\\/\\\/bigwhoop.fr\\\/wp-content\\\/uploads\\\/2023\\\/01\\\/logo-bigwhoop.png\",\"width\":1600,\"height\":1274,\"caption\":\"BigWhoop\"},\"image\":{\"@id\":\"https:\\\/\\\/bigwhoop.fr\\\/#\\\/schema\\\/logo\\\/image\\\/\"},\"sameAs\":[\"https:\\\/\\\/fr.linkedin.com\\\/company\\\/bigwhoop\"]}]}<\/script>\n<!-- \/ Yoast SEO plugin. -->","yoast_head_json":{"title":"Interview Elian Jeulin - BigWhoop","robots":{"index":"index","follow":"follow","max-snippet":"max-snippet:-1","max-image-preview":"max-image-preview:large","max-video-preview":"max-video-preview:-1"},"canonical":"https:\/\/bigwhoop.fr\/en\/interview-elian-jeulin\/","og_locale":"en_GB","og_type":"article","og_title":"Interview Elian Jeulin - BigWhoop","og_description":"&nbsp; Pouvez-vous vous pr\u00e9senter et pr\u00e9senter votre projet ? Je m\u2019appelle Elian Jeulin, ing\u00e9nieur en d\u00e9veloppement logiciel. Pendant nos \u00e9tudes, nous avons cr\u00e9\u00e9 un projet entrepreneurial nomm\u00e9 Daidala. Il s\u2019agissait d\u2019un jeu d\u2019horreur utilisant un contr\u00f4leur original : le t\u00e9l\u00e9phone de l\u2019utilisateur, qui servait de lampe torche dans le jeu. Notre d\u00e9marche, men\u00e9e de mani\u00e8re [&hellip;]","og_url":"https:\/\/bigwhoop.fr\/en\/interview-elian-jeulin\/","og_site_name":"BigWhoop","og_image":[{"width":1480,"height":820,"url":"https:\/\/bigwhoop.fr\/wp-content\/uploads\/2023\/01\/Background-contact.png","type":"image\/png"}],"twitter_card":"summary_large_image","twitter_misc":{"Estimated reading time":"1 minute"},"schema":{"@context":"https:\/\/schema.org","@graph":[{"@type":"WebPage","@id":"https:\/\/bigwhoop.fr\/interview-elian-jeulin\/","url":"https:\/\/bigwhoop.fr\/interview-elian-jeulin\/","name":"Interview Elian Jeulin - BigWhoop","isPartOf":{"@id":"https:\/\/bigwhoop.fr\/#website"},"primaryImageOfPage":{"@id":"https:\/\/bigwhoop.fr\/interview-elian-jeulin\/#primaryimage"},"image":{"@id":"https:\/\/bigwhoop.fr\/interview-elian-jeulin\/#primaryimage"},"thumbnailUrl":"https:\/\/bigwhoop.fr\/wp-content\/uploads\/2023\/01\/Background-contact.png","datePublished":"2026-03-11T17:16:33+00:00","breadcrumb":{"@id":"https:\/\/bigwhoop.fr\/interview-elian-jeulin\/#breadcrumb"},"inLanguage":"en-GB","potentialAction":[{"@type":"ReadAction","target":["https:\/\/bigwhoop.fr\/interview-elian-jeulin\/"]}]},{"@type":"ImageObject","inLanguage":"en-GB","@id":"https:\/\/bigwhoop.fr\/interview-elian-jeulin\/#primaryimage","url":"https:\/\/bigwhoop.fr\/wp-content\/uploads\/2023\/01\/Background-contact.png","contentUrl":"https:\/\/bigwhoop.fr\/wp-content\/uploads\/2023\/01\/Background-contact.png","width":1480,"height":820},{"@type":"BreadcrumbList","@id":"https:\/\/bigwhoop.fr\/interview-elian-jeulin\/#breadcrumb","itemListElement":[{"@type":"ListItem","position":1,"name":"Accueil","item":"https:\/\/bigwhoop.fr\/"},{"@type":"ListItem","position":2,"name":"Interview Elian Jeulin"}]},{"@type":"WebSite","@id":"https:\/\/bigwhoop.fr\/#website","url":"https:\/\/bigwhoop.fr\/","name":"BigWhoop","description":"Agence financement jeu vid\u00e9o - BigWhoop","publisher":{"@id":"https:\/\/bigwhoop.fr\/#organization"},"potentialAction":[{"@type":"SearchAction","target":{"@type":"EntryPoint","urlTemplate":"https:\/\/bigwhoop.fr\/?s={search_term_string}"},"query-input":{"@type":"PropertyValueSpecification","valueRequired":true,"valueName":"search_term_string"}}],"inLanguage":"en-GB"},{"@type":"Organization","@id":"https:\/\/bigwhoop.fr\/#organization","name":"BigWhoop","url":"https:\/\/bigwhoop.fr\/","logo":{"@type":"ImageObject","inLanguage":"en-GB","@id":"https:\/\/bigwhoop.fr\/#\/schema\/logo\/image\/","url":"https:\/\/bigwhoop.fr\/wp-content\/uploads\/2023\/01\/logo-bigwhoop.png","contentUrl":"https:\/\/bigwhoop.fr\/wp-content\/uploads\/2023\/01\/logo-bigwhoop.png","width":1600,"height":1274,"caption":"BigWhoop"},"image":{"@id":"https:\/\/bigwhoop.fr\/#\/schema\/logo\/image\/"},"sameAs":["https:\/\/fr.linkedin.com\/company\/bigwhoop"]}]}},"_links":{"self":[{"href":"https:\/\/bigwhoop.fr\/en\/wp-json\/wp\/v2\/pages\/673","targetHints":{"allow":["GET"]}}],"collection":[{"href":"https:\/\/bigwhoop.fr\/en\/wp-json\/wp\/v2\/pages"}],"about":[{"href":"https:\/\/bigwhoop.fr\/en\/wp-json\/wp\/v2\/types\/page"}],"author":[{"embeddable":true,"href":"https:\/\/bigwhoop.fr\/en\/wp-json\/wp\/v2\/users\/3"}],"replies":[{"embeddable":true,"href":"https:\/\/bigwhoop.fr\/en\/wp-json\/wp\/v2\/comments?post=673"}],"version-history":[{"count":1,"href":"https:\/\/bigwhoop.fr\/en\/wp-json\/wp\/v2\/pages\/673\/revisions"}],"predecessor-version":[{"id":674,"href":"https:\/\/bigwhoop.fr\/en\/wp-json\/wp\/v2\/pages\/673\/revisions\/674"}],"wp:featuredmedia":[{"embeddable":true,"href":"https:\/\/bigwhoop.fr\/en\/wp-json\/wp\/v2\/media\/157"}],"wp:attachment":[{"href":"https:\/\/bigwhoop.fr\/en\/wp-json\/wp\/v2\/media?parent=673"}],"curies":[{"name":"wp","href":"https:\/\/api.w.org\/{rel}","templated":true}]}}