{"id":72,"date":"2023-01-05T16:58:48","date_gmt":"2023-01-05T15:58:48","guid":{"rendered":"https:\/\/bigwhoop.fr\/?page_id=72"},"modified":"2023-06-09T09:27:45","modified_gmt":"2023-06-09T07:27:45","slug":"mentions-legales","status":"publish","type":"page","link":"https:\/\/bigwhoop.fr\/en\/mentions-legales\/","title":{"rendered":"Legal information"},"content":{"rendered":"<p style=\"text-align: justify;\"><b>Legal information<\/b><\/p>\n<p style=\"text-align: justify;\"><span style=\"font-weight: 400;\">In accordance with the provisions of Article 6 III-1 of Law No. 2004-575 of 21 June 2004 on confidence in the digital economy, we inform you that this site is published by :<\/span><\/p>\n<p style=\"text-align: justify;\"><span style=\"font-weight: 400;\">BIGWHOOP, soci\u00e9t\u00e9 par actions simplifi\u00e9e, au capital social de 5 000,00 \u20ac, dont le si\u00e8ge social est situ\u00e9 au 283 route de Mons, 59600 Maubeuge, repr\u00e9sent\u00e9e par GETSUGA agissant et ayant les pouvoirs n\u00e9cessaires en tant que pr\u00e9sident.<\/span><\/p>\n<p style=\"text-align: justify;\"><strong>Director of publication :<\/strong><\/p>\n<p style=\"text-align: justify;\"><span style=\"font-weight: 400;\">Dr. Aur\u00e9lien MAHIEU, Owner &amp; CEO<\/span><\/p>\n<p style=\"text-align: justify;\"><span style=\"font-weight: 400;\">Contact: a.mahieu@bigwhoop.fr\u00a0<\/span><\/p>\n<p style=\"text-align: justify;\"><strong>Host identification :<\/strong><\/p>\n<p style=\"text-align: justify;\"><span style=\"font-weight: 400;\">OVH<\/span><\/p>\n<p style=\"text-align: justify;\"><span style=\"font-weight: 400;\">SAS with a capital of \u20ac 10 174 560<\/span><\/p>\n<p style=\"text-align: justify;\"><span style=\"font-weight: 400;\">RCS Lille M\u00e9tropole 424 761 419 00045<\/span><\/p>\n<p style=\"text-align: justify;\"><span style=\"font-weight: 400;\">Code APE 2620Z<\/span><\/p>\n<p style=\"text-align: justify;\"><span style=\"font-weight: 400;\">VAT NO : FR 22 424 761 419<\/span><\/p>\n<p style=\"text-align: justify;\"><span style=\"font-weight: 400;\">Head office: 2 rue Kellermann - 59100 Roubaix - France<\/span><\/p>\n<p style=\"text-align: justify;\"><span style=\"font-weight: 400;\">President: Michel Paulin<\/span><\/p>\n<p style=\"text-align: justify;\"><span style=\"font-weight: 400;\">OVH SAS is a subsidiary of OVH Groupe SA, a company registered in the Lille Trade and Companies Register under number 537 407 926 and located at 2, rue Kellermann, 59100 Roubaix.<\/span><\/p>\n<p style=\"text-align: justify;\"><strong>General Conditions<\/strong><\/p>\n<p style=\"text-align: justify;\"><span style=\"font-weight: 400;\">- The general conditions of use of the www.bigwhoop.fr website are available here: <a href=\"https:\/\/bigwhoop.fr\/en\/conditions-generales-dutilisation\/\">Terms and Conditions of Use - BigWhoop<\/a><\/span><\/p>\n<p style=\"text-align: justify;\"><span style=\"font-weight: 400;\">- In accordance with law n\u00b0 2004-575 of 21 June 2004, users are invited to report any content of an illicit nature.<\/span><\/p>\n<p style=\"text-align: justify;\"><span style=\"font-weight: 400;\">Contact: a.mahieu@bigwhoop.fr <\/span><\/p>","protected":false},"excerpt":{"rendered":"<p>Informations l\u00e9gales Conform\u00e9ment aux dispositions de l\u2019article 6 III-1 de la loi n\u00b0 2004-575 du 21 juin 2004 pour la confiance dans l\u2019\u00e9conomie num\u00e9rique, nous vous informons que le pr\u00e9sent site est \u00e9dit\u00e9 par : BIGWHOOP, soci\u00e9t\u00e9 par actions simplifi\u00e9e, au capital social de 5 000,00 \u20ac, dont le si\u00e8ge social est situ\u00e9 au 283 [&hellip;]<\/p>\n","protected":false},"author":1,"featured_media":0,"parent":0,"menu_order":0,"comment_status":"closed","ping_status":"closed","template":"","meta":{"footnotes":""},"class_list":["post-72","page","type-page","status-publish","hentry"],"yoast_head":"<!-- This site is optimized with the Yoast SEO plugin v27.3 - https:\/\/yoast.com\/product\/yoast-seo-wordpress\/ -->\n<title>Mentions l\u00e9gales - BigWhoop<\/title>\n<meta name=\"description\" content=\"Informations l\u00e9gales\" \/>\n<meta name=\"robots\" content=\"index, follow, max-snippet:-1, max-image-preview:large, max-video-preview:-1\" \/>\n<link rel=\"canonical\" href=\"https:\/\/bigwhoop.fr\/en\/mentions-legales\/\" \/>\n<meta property=\"og:locale\" content=\"en_GB\" \/>\n<meta property=\"og:type\" content=\"article\" \/>\n<meta property=\"og:title\" content=\"Mentions l\u00e9gales - BigWhoop\" \/>\n<meta property=\"og:description\" content=\"Informations l\u00e9gales\" \/>\n<meta property=\"og:url\" content=\"https:\/\/bigwhoop.fr\/en\/mentions-legales\/\" \/>\n<meta property=\"og:site_name\" content=\"BigWhoop\" \/>\n<meta property=\"article:modified_time\" content=\"2023-06-09T07:27:45+00:00\" \/>\n<meta name=\"twitter:card\" content=\"summary_large_image\" \/>\n<meta name=\"twitter:label1\" content=\"Estimated reading time\" \/>\n\t<meta name=\"twitter:data1\" content=\"2 minutes\" \/>\n<script type=\"application\/ld+json\" class=\"yoast-schema-graph\">{\"@context\":\"https:\\\/\\\/schema.org\",\"@graph\":[{\"@type\":\"WebPage\",\"@id\":\"https:\\\/\\\/bigwhoop.fr\\\/mentions-legales\\\/\",\"url\":\"https:\\\/\\\/bigwhoop.fr\\\/mentions-legales\\\/\",\"name\":\"Mentions l\u00e9gales - BigWhoop\",\"isPartOf\":{\"@id\":\"https:\\\/\\\/bigwhoop.fr\\\/#website\"},\"datePublished\":\"2023-01-05T15:58:48+00:00\",\"dateModified\":\"2023-06-09T07:27:45+00:00\",\"description\":\"Informations l\u00e9gales\",\"breadcrumb\":{\"@id\":\"https:\\\/\\\/bigwhoop.fr\\\/mentions-legales\\\/#breadcrumb\"},\"inLanguage\":\"en-GB\",\"potentialAction\":[{\"@type\":\"ReadAction\",\"target\":[\"https:\\\/\\\/bigwhoop.fr\\\/mentions-legales\\\/\"]}]},{\"@type\":\"BreadcrumbList\",\"@id\":\"https:\\\/\\\/bigwhoop.fr\\\/mentions-legales\\\/#breadcrumb\",\"itemListElement\":[{\"@type\":\"ListItem\",\"position\":1,\"name\":\"Accueil\",\"item\":\"https:\\\/\\\/bigwhoop.fr\\\/\"},{\"@type\":\"ListItem\",\"position\":2,\"name\":\"Mentions l\u00e9gales\"}]},{\"@type\":\"WebSite\",\"@id\":\"https:\\\/\\\/bigwhoop.fr\\\/#website\",\"url\":\"https:\\\/\\\/bigwhoop.fr\\\/\",\"name\":\"BigWhoop\",\"description\":\"Agence financement jeu vid\u00e9o - BigWhoop\",\"publisher\":{\"@id\":\"https:\\\/\\\/bigwhoop.fr\\\/#organization\"},\"potentialAction\":[{\"@type\":\"SearchAction\",\"target\":{\"@type\":\"EntryPoint\",\"urlTemplate\":\"https:\\\/\\\/bigwhoop.fr\\\/?s={search_term_string}\"},\"query-input\":{\"@type\":\"PropertyValueSpecification\",\"valueRequired\":true,\"valueName\":\"search_term_string\"}}],\"inLanguage\":\"en-GB\"},{\"@type\":\"Organization\",\"@id\":\"https:\\\/\\\/bigwhoop.fr\\\/#organization\",\"name\":\"BigWhoop\",\"url\":\"https:\\\/\\\/bigwhoop.fr\\\/\",\"logo\":{\"@type\":\"ImageObject\",\"inLanguage\":\"en-GB\",\"@id\":\"https:\\\/\\\/bigwhoop.fr\\\/#\\\/schema\\\/logo\\\/image\\\/\",\"url\":\"https:\\\/\\\/bigwhoop.fr\\\/wp-content\\\/uploads\\\/2023\\\/01\\\/logo-bigwhoop.png\",\"contentUrl\":\"https:\\\/\\\/bigwhoop.fr\\\/wp-content\\\/uploads\\\/2023\\\/01\\\/logo-bigwhoop.png\",\"width\":1600,\"height\":1274,\"caption\":\"BigWhoop\"},\"image\":{\"@id\":\"https:\\\/\\\/bigwhoop.fr\\\/#\\\/schema\\\/logo\\\/image\\\/\"},\"sameAs\":[\"https:\\\/\\\/fr.linkedin.com\\\/company\\\/bigwhoop\"]}]}<\/script>\n<!-- \/ Yoast SEO plugin. -->","yoast_head_json":{"title":"Mentions l\u00e9gales - BigWhoop","description":"Legal information","robots":{"index":"index","follow":"follow","max-snippet":"max-snippet:-1","max-image-preview":"max-image-preview:large","max-video-preview":"max-video-preview:-1"},"canonical":"https:\/\/bigwhoop.fr\/en\/mentions-legales\/","og_locale":"en_GB","og_type":"article","og_title":"Mentions l\u00e9gales - BigWhoop","og_description":"Informations l\u00e9gales","og_url":"https:\/\/bigwhoop.fr\/en\/mentions-legales\/","og_site_name":"BigWhoop","article_modified_time":"2023-06-09T07:27:45+00:00","twitter_card":"summary_large_image","twitter_misc":{"Estimated reading time":"2 minutes"},"schema":{"@context":"https:\/\/schema.org","@graph":[{"@type":"WebPage","@id":"https:\/\/bigwhoop.fr\/mentions-legales\/","url":"https:\/\/bigwhoop.fr\/mentions-legales\/","name":"Mentions l\u00e9gales - BigWhoop","isPartOf":{"@id":"https:\/\/bigwhoop.fr\/#website"},"datePublished":"2023-01-05T15:58:48+00:00","dateModified":"2023-06-09T07:27:45+00:00","description":"Legal information","breadcrumb":{"@id":"https:\/\/bigwhoop.fr\/mentions-legales\/#breadcrumb"},"inLanguage":"en-GB","potentialAction":[{"@type":"ReadAction","target":["https:\/\/bigwhoop.fr\/mentions-legales\/"]}]},{"@type":"BreadcrumbList","@id":"https:\/\/bigwhoop.fr\/mentions-legales\/#breadcrumb","itemListElement":[{"@type":"ListItem","position":1,"name":"Accueil","item":"https:\/\/bigwhoop.fr\/"},{"@type":"ListItem","position":2,"name":"Mentions l\u00e9gales"}]},{"@type":"WebSite","@id":"https:\/\/bigwhoop.fr\/#website","url":"https:\/\/bigwhoop.fr\/","name":"BigWhoop","description":"Agence financement jeu vid\u00e9o - BigWhoop","publisher":{"@id":"https:\/\/bigwhoop.fr\/#organization"},"potentialAction":[{"@type":"SearchAction","target":{"@type":"EntryPoint","urlTemplate":"https:\/\/bigwhoop.fr\/?s={search_term_string}"},"query-input":{"@type":"PropertyValueSpecification","valueRequired":true,"valueName":"search_term_string"}}],"inLanguage":"en-GB"},{"@type":"Organization","@id":"https:\/\/bigwhoop.fr\/#organization","name":"BigWhoop","url":"https:\/\/bigwhoop.fr\/","logo":{"@type":"ImageObject","inLanguage":"en-GB","@id":"https:\/\/bigwhoop.fr\/#\/schema\/logo\/image\/","url":"https:\/\/bigwhoop.fr\/wp-content\/uploads\/2023\/01\/logo-bigwhoop.png","contentUrl":"https:\/\/bigwhoop.fr\/wp-content\/uploads\/2023\/01\/logo-bigwhoop.png","width":1600,"height":1274,"caption":"BigWhoop"},"image":{"@id":"https:\/\/bigwhoop.fr\/#\/schema\/logo\/image\/"},"sameAs":["https:\/\/fr.linkedin.com\/company\/bigwhoop"]}]}},"_links":{"self":[{"href":"https:\/\/bigwhoop.fr\/en\/wp-json\/wp\/v2\/pages\/72","targetHints":{"allow":["GET"]}}],"collection":[{"href":"https:\/\/bigwhoop.fr\/en\/wp-json\/wp\/v2\/pages"}],"about":[{"href":"https:\/\/bigwhoop.fr\/en\/wp-json\/wp\/v2\/types\/page"}],"author":[{"embeddable":true,"href":"https:\/\/bigwhoop.fr\/en\/wp-json\/wp\/v2\/users\/1"}],"replies":[{"embeddable":true,"href":"https:\/\/bigwhoop.fr\/en\/wp-json\/wp\/v2\/comments?post=72"}],"version-history":[{"count":7,"href":"https:\/\/bigwhoop.fr\/en\/wp-json\/wp\/v2\/pages\/72\/revisions"}],"predecessor-version":[{"id":500,"href":"https:\/\/bigwhoop.fr\/en\/wp-json\/wp\/v2\/pages\/72\/revisions\/500"}],"wp:attachment":[{"href":"https:\/\/bigwhoop.fr\/en\/wp-json\/wp\/v2\/media?parent=72"}],"curies":[{"name":"wp","href":"https:\/\/api.w.org\/{rel}","templated":true}]}}